{"id":11,"date":"2021-07-14T13:21:11","date_gmt":"2021-07-14T13:21:11","guid":{"rendered":"http:\/\/azorghee.eu\/minha-conta\/"},"modified":"2022-08-17T10:46:56","modified_gmt":"2022-08-17T10:46:56","slug":"a-minha-conta","status":"publish","type":"page","link":"https:\/\/azorghee.eu\/en\/a-minha-conta\/","title":{"rendered":"My account"},"content":{"rendered":"<div class=\"woocommerce\"><\/div>","protected":false},"excerpt":{"rendered":"","protected":false},"author":1,"featured_media":0,"parent":0,"menu_order":0,"comment_status":"closed","ping_status":"closed","template":"","meta":{"footnotes":""},"class_list":["post-11","page","type-page","status-publish","hentry"],"yoast_head":"<!-- This site is optimized with the Yoast SEO plugin v24.7 - https:\/\/yoast.com\/wordpress\/plugins\/seo\/ -->\n<title>A minha conta - AzorGhee<\/title>\n<meta name=\"description\" content=\"Encomendar a sua manteiga AzorGhee nunca foi t\u00e3o f\u00e1cil! Aceda a &quot;A minha conta&quot; onde pode gerir as suas encomendas e outras informa\u00e7\u00f5es.\" \/>\n<meta name=\"robots\" content=\"index, follow, max-snippet:-1, max-image-preview:large, max-video-preview:-1\" \/>\n<link rel=\"canonical\" href=\"https:\/\/azorghee.eu\/en\/a-minha-conta\/\" \/>\n<meta property=\"og:locale\" content=\"en_GB\" \/>\n<meta property=\"og:type\" content=\"article\" \/>\n<meta property=\"og:title\" content=\"A minha conta - AzorGhee\" \/>\n<meta property=\"og:description\" content=\"Encomendar a sua manteiga AzorGhee nunca foi t\u00e3o f\u00e1cil! Aceda a &quot;A minha conta&quot; onde pode gerir as suas encomendas e outras informa\u00e7\u00f5es.\" \/>\n<meta property=\"og:url\" content=\"https:\/\/azorghee.eu\/en\/a-minha-conta\/\" \/>\n<meta property=\"og:site_name\" content=\"AzorGhee\" \/>\n<meta property=\"article:modified_time\" content=\"2022-08-17T10:46:56+00:00\" \/>\n<meta name=\"twitter:card\" content=\"summary_large_image\" \/>\n<meta name=\"twitter:label1\" content=\"Estimated reading time\" \/>\n\t<meta name=\"twitter:data1\" content=\"1 minute\" \/>\n<script type=\"application\/ld+json\" class=\"yoast-schema-graph\">{\"@context\":\"https:\/\/schema.org\",\"@graph\":[{\"@type\":\"WebPage\",\"@id\":\"https:\/\/azorghee.eu\/en\/a-minha-conta\/\",\"url\":\"https:\/\/azorghee.eu\/en\/a-minha-conta\/\",\"name\":\"A minha conta - AzorGhee\",\"isPartOf\":{\"@id\":\"https:\/\/azorghee.eu\/#website\"},\"datePublished\":\"2021-07-14T13:21:11+00:00\",\"dateModified\":\"2022-08-17T10:46:56+00:00\",\"description\":\"Encomendar a sua manteiga AzorGhee nunca foi t\u00e3o f\u00e1cil! Aceda a \\\"A minha conta\\\" onde pode gerir as suas encomendas e outras informa\u00e7\u00f5es.\",\"breadcrumb\":{\"@id\":\"https:\/\/azorghee.eu\/en\/a-minha-conta\/#breadcrumb\"},\"inLanguage\":\"en-GB\",\"potentialAction\":[{\"@type\":\"ReadAction\",\"target\":[\"https:\/\/azorghee.eu\/en\/a-minha-conta\/\"]}]},{\"@type\":\"BreadcrumbList\",\"@id\":\"https:\/\/azorghee.eu\/en\/a-minha-conta\/#breadcrumb\",\"itemListElement\":[{\"@type\":\"ListItem\",\"position\":1,\"name\":\"In\u00edcio\",\"item\":\"https:\/\/azorghee.eu\/\"},{\"@type\":\"ListItem\",\"position\":2,\"name\":\"A minha conta\"}]},{\"@type\":\"WebSite\",\"@id\":\"https:\/\/azorghee.eu\/#website\",\"url\":\"https:\/\/azorghee.eu\/\",\"name\":\"AzorGhee\",\"description\":\"Manteiga Clarificada\",\"publisher\":{\"@id\":\"https:\/\/azorghee.eu\/#organization\"},\"potentialAction\":[{\"@type\":\"SearchAction\",\"target\":{\"@type\":\"EntryPoint\",\"urlTemplate\":\"https:\/\/azorghee.eu\/?s={search_term_string}\"},\"query-input\":{\"@type\":\"PropertyValueSpecification\",\"valueRequired\":true,\"valueName\":\"search_term_string\"}}],\"inLanguage\":\"en-GB\"},{\"@type\":\"Organization\",\"@id\":\"https:\/\/azorghee.eu\/#organization\",\"name\":\"AzorGhee\",\"url\":\"https:\/\/azorghee.eu\/\",\"logo\":{\"@type\":\"ImageObject\",\"inLanguage\":\"en-GB\",\"@id\":\"https:\/\/azorghee.eu\/#\/schema\/logo\/image\/\",\"url\":\"https:\/\/azorghee.eu\/wp-content\/uploads\/2021\/07\/Logo-Color.png\",\"contentUrl\":\"https:\/\/azorghee.eu\/wp-content\/uploads\/2021\/07\/Logo-Color.png\",\"width\":2048,\"height\":1030,\"caption\":\"AzorGhee\"},\"image\":{\"@id\":\"https:\/\/azorghee.eu\/#\/schema\/logo\/image\/\"}}]}<\/script>\n<!-- \/ Yoast SEO plugin. -->","yoast_head_json":{"title":"A minha conta - AzorGhee","description":"Encomendar a sua manteiga AzorGhee nunca foi t\u00e3o f\u00e1cil! Aceda a \"A minha conta\" onde pode gerir as suas encomendas e outras informa\u00e7\u00f5es.","robots":{"index":"index","follow":"follow","max-snippet":"max-snippet:-1","max-image-preview":"max-image-preview:large","max-video-preview":"max-video-preview:-1"},"canonical":"https:\/\/azorghee.eu\/en\/a-minha-conta\/","og_locale":"en_GB","og_type":"article","og_title":"A minha conta - AzorGhee","og_description":"Encomendar a sua manteiga AzorGhee nunca foi t\u00e3o f\u00e1cil! Aceda a \"A minha conta\" onde pode gerir as suas encomendas e outras informa\u00e7\u00f5es.","og_url":"https:\/\/azorghee.eu\/en\/a-minha-conta\/","og_site_name":"AzorGhee","article_modified_time":"2022-08-17T10:46:56+00:00","twitter_card":"summary_large_image","twitter_misc":{"Estimated reading time":"1 minute"},"schema":{"@context":"https:\/\/schema.org","@graph":[{"@type":"WebPage","@id":"https:\/\/azorghee.eu\/en\/a-minha-conta\/","url":"https:\/\/azorghee.eu\/en\/a-minha-conta\/","name":"A minha conta - AzorGhee","isPartOf":{"@id":"https:\/\/azorghee.eu\/#website"},"datePublished":"2021-07-14T13:21:11+00:00","dateModified":"2022-08-17T10:46:56+00:00","description":"Encomendar a sua manteiga AzorGhee nunca foi t\u00e3o f\u00e1cil! Aceda a \"A minha conta\" onde pode gerir as suas encomendas e outras informa\u00e7\u00f5es.","breadcrumb":{"@id":"https:\/\/azorghee.eu\/en\/a-minha-conta\/#breadcrumb"},"inLanguage":"en-GB","potentialAction":[{"@type":"ReadAction","target":["https:\/\/azorghee.eu\/en\/a-minha-conta\/"]}]},{"@type":"BreadcrumbList","@id":"https:\/\/azorghee.eu\/en\/a-minha-conta\/#breadcrumb","itemListElement":[{"@type":"ListItem","position":1,"name":"In\u00edcio","item":"https:\/\/azorghee.eu\/"},{"@type":"ListItem","position":2,"name":"A minha conta"}]},{"@type":"WebSite","@id":"https:\/\/azorghee.eu\/#website","url":"https:\/\/azorghee.eu\/","name":"AzorGhee","description":"Manteiga Clarificada","publisher":{"@id":"https:\/\/azorghee.eu\/#organization"},"potentialAction":[{"@type":"SearchAction","target":{"@type":"EntryPoint","urlTemplate":"https:\/\/azorghee.eu\/?s={search_term_string}"},"query-input":{"@type":"PropertyValueSpecification","valueRequired":true,"valueName":"search_term_string"}}],"inLanguage":"en-GB"},{"@type":"Organization","@id":"https:\/\/azorghee.eu\/#organization","name":"AzorGhee","url":"https:\/\/azorghee.eu\/","logo":{"@type":"ImageObject","inLanguage":"en-GB","@id":"https:\/\/azorghee.eu\/#\/schema\/logo\/image\/","url":"https:\/\/azorghee.eu\/wp-content\/uploads\/2021\/07\/Logo-Color.png","contentUrl":"https:\/\/azorghee.eu\/wp-content\/uploads\/2021\/07\/Logo-Color.png","width":2048,"height":1030,"caption":"AzorGhee"},"image":{"@id":"https:\/\/azorghee.eu\/#\/schema\/logo\/image\/"}}]}},"_links":{"self":[{"href":"https:\/\/azorghee.eu\/en\/wp-json\/wp\/v2\/pages\/11","targetHints":{"allow":["GET"]}}],"collection":[{"href":"https:\/\/azorghee.eu\/en\/wp-json\/wp\/v2\/pages"}],"about":[{"href":"https:\/\/azorghee.eu\/en\/wp-json\/wp\/v2\/types\/page"}],"author":[{"embeddable":true,"href":"https:\/\/azorghee.eu\/en\/wp-json\/wp\/v2\/users\/1"}],"replies":[{"embeddable":true,"href":"https:\/\/azorghee.eu\/en\/wp-json\/wp\/v2\/comments?post=11"}],"version-history":[{"count":1,"href":"https:\/\/azorghee.eu\/en\/wp-json\/wp\/v2\/pages\/11\/revisions"}],"predecessor-version":[{"id":13433,"href":"https:\/\/azorghee.eu\/en\/wp-json\/wp\/v2\/pages\/11\/revisions\/13433"}],"wp:attachment":[{"href":"https:\/\/azorghee.eu\/en\/wp-json\/wp\/v2\/media?parent=11"}],"curies":[{"name":"wp","href":"https:\/\/api.w.org\/{rel}","templated":true}]}}