{"id":11767,"date":"2022-06-21T12:17:17","date_gmt":"2022-06-21T12:17:17","guid":{"rendered":"http:\/\/azorghee.eu\/?page_id=11767"},"modified":"2022-08-16T16:10:50","modified_gmt":"2022-08-16T16:10:50","slug":"politica-de-privacidade","status":"publish","type":"page","link":"https:\/\/azorghee.eu\/en\/politica-de-privacidade\/","title":{"rendered":"Privacy Policy"},"content":{"rendered":"<div data-elementor-type=\"wp-page\" data-elementor-id=\"11767\" class=\"elementor elementor-11767\">\n\t\t\t\t<section class=\"wd-negative-gap elementor-section elementor-top-section elementor-element elementor-element-664ab1fe elementor-section-boxed elementor-section-height-default elementor-section-height-default\" data-id=\"664ab1fe\" data-element_type=\"section\">\n\t\t\t\t\t\t<div class=\"elementor-container elementor-column-gap-default\">\n\t\t\t\t\t<div class=\"elementor-column elementor-col-100 elementor-top-column elementor-element elementor-element-2ea63b54\" data-id=\"2ea63b54\" data-element_type=\"column\">\n\t\t\t<div class=\"elementor-widget-wrap elementor-element-populated\">\n\t\t\t\t\t\t<div class=\"elementor-element elementor-element-25f94aaf color-scheme-inherit text-left elementor-widget elementor-widget-text-editor\" data-id=\"25f94aaf\" data-element_type=\"widget\" data-widget_type=\"text-editor.default\">\n\t\t\t\t<div class=\"elementor-widget-container\"><h1 class=\"wp-block-heading\">Pol\u00edtica de Privacidade &#8211; \u00c2mbito de Aplica\u00e7\u00e3o<\/h1><\/div>\n\t\t\t\t<\/div>\n\t\t\t\t<div class=\"elementor-element elementor-element-5c3686d color-scheme-inherit text-left elementor-widget elementor-widget-text-editor\" data-id=\"5c3686d\" data-element_type=\"widget\" data-widget_type=\"text-editor.default\">\n\t\t\t\t<div class=\"elementor-widget-container\"><p>Ao encomendar atrav\u00e9s da <a href=\"https:\/\/azorghee.eu\/en\/sobre-nos\/\"><strong>AzorGhee<\/strong><\/a> est\u00e1 a concordar com todas as informa\u00e7\u00f5es legais prescritas.<\/p><\/div>\n\t\t\t\t<\/div>\n\t\t\t\t<div class=\"elementor-element elementor-element-9ebb7b8 color-scheme-inherit text-left elementor-widget elementor-widget-text-editor\" data-id=\"9ebb7b8\" data-element_type=\"widget\" data-widget_type=\"text-editor.default\">\n\t\t\t\t<div class=\"elementor-widget-container\"><h2 class=\"wp-block-heading\">Privacy and Protection of Personal Data<\/h2><\/div>\n\t\t\t\t<\/div>\n\t\t\t\t<div class=\"elementor-element elementor-element-63842cb color-scheme-inherit text-left elementor-widget elementor-widget-text-editor\" data-id=\"63842cb\" data-element_type=\"widget\" data-widget_type=\"text-editor.default\">\n\t\t\t\t<div class=\"elementor-widget-container\">\n\t\t\t\t\t\t\t\t\t<p><\/p>\n<p>No cumprimento da Lei n.\u00ba 67\/98 de 26 de Outubro, sobre a Prote\u00e7\u00e3o de Dados Pessoais, informamos que o tratamento dos dados pessoais recolhidos no site da <a href=\"https:\/\/azorghee.eu\/en\/sobre-nos\/\"><strong>AzorGhee<\/strong><\/a> \u00e9 da responsabilidade da <a href=\"https:\/\/azorghee.eu\/en\/sobre-nos\/\"><strong>AzorGhee<\/strong><\/a>, com sede na Rua As Presas 13 Altares, 9700-308 Angra Do Hero\u00edsmo \u2013 Terceira. Os dados recolhidos neste site destinam-se ao processamento das encomendas e comunica\u00e7\u00e3o com os clientes, processamento de pedidos de informa\u00e7\u00e3o e de eventuais reclama\u00e7\u00f5es, an\u00e1lise estat\u00edstica, bem como a respetiva utiliza\u00e7\u00e3o para efeitos de marketing direto. A <a href=\"https:\/\/azorghee.eu\/en\/sobre-nos\/\"><strong>AzorGhee<\/strong><\/a> garante a confidencialidade de todos os dados fornecidos pelos seus clientes. N\u00e3o obstante a <a href=\"https:\/\/azorghee.eu\/en\/sobre-nos\/\"><strong>AzorGhee<\/strong><\/a> proceder \u00e0 recolha e ao tratamento de dados de forma segura e que impede a sua perda ou manipula\u00e7\u00e3o, utilizando as t\u00e9cnicas mais aperfei\u00e7oadas para o efeito, informamos que a recolha em rede aberta permite a circula\u00e7\u00e3o dos dados pessoais sem condi\u00e7\u00f5es de seguran\u00e7a, correndo o risco de serem vistos e utilizados por terceiros n\u00e3o autorizados. Todos os clientes t\u00eam o direito de acesso e retifica\u00e7\u00e3o dos seus dados. Caso deseje, a qualquer momento, deixar de fazer parte da base de dados da AzorGhee poder\u00e1 exercer este direito atrav\u00e9s dos seguintes meios:\u00a0<strong>E-mail:<\/strong> info@azorghee.eu;\u00a0<strong>Letter:<\/strong> Rua As Presas 13 Altares, 9700-308 Angra Do Hero\u00edsmo, Terceira, A\u00e7ores, Portugal;\u00a0<strong>Phone number:<\/strong> +351 295 908 162; <strong>Working hours:<\/strong> De Ter\u00e7a a Domingo das 10:00h at\u00e9 17:00h (Fuso-Hor\u00e1rio dos A\u00e7ores). O cliente autoriza expressamente a AzorGhee. a enviar informa\u00e7\u00e3o sobre produtos e servi\u00e7os que possam ser do seu interesse utilizando os seus dados pessoais para efeitos de marketing direto atrav\u00e9s de qualquer canal de comunica\u00e7\u00e3o, nomeadamente correio eletr\u00f3nico, SMS, MMS ou outras formas de chamada autom\u00e1tica. A <a href=\"https:\/\/azorghee.eu\/en\/sobre-nos\/\"><strong>AzorGhee<\/strong><\/a> n\u00e3o ir\u00e1 comercializar nem partilhar a sua base de dados de clientes com terceiros.<\/p>\n<p><\/p>\t\t\t\t\t\t\t\t<\/div>\n\t\t\t\t<\/div>\n\t\t\t\t<div class=\"elementor-element elementor-element-ab09c4f color-scheme-inherit text-left elementor-widget elementor-widget-text-editor\" data-id=\"ab09c4f\" data-element_type=\"widget\" data-widget_type=\"text-editor.default\">\n\t\t\t\t<div class=\"elementor-widget-container\"><h2 class=\"wp-block-heading\">Use of Cookies by AzorGhee<\/h2><\/div>\n\t\t\t\t<\/div>\n\t\t\t\t<div class=\"elementor-element elementor-element-89248b3 color-scheme-inherit text-left elementor-widget elementor-widget-text-editor\" data-id=\"89248b3\" data-element_type=\"widget\" data-widget_type=\"text-editor.default\">\n\t\t\t\t<div class=\"elementor-widget-container\"><p>Cookies are small text files sent by the website you visit that are stored on your computer. They are widely used for the operation of websites, or to increase their efficiency, as well as to provide information to site owners. AzorGhee uses cookies to collect information about how visitors use the AzorGhee website. We use the information to create reports and to help us improve the site. Cookies collect information anonymously, including the number of visitors, the websites from which they come, and the pages they have visited. As users of our site use different search engines in order to make their queries as easy as possible, we automatically record the type of browser (such as Google Chrome, Mozilla Firefox, Internet Explorer, etc.) and the operating system (Windows, Macintosh, etc.) used by them, as well as the domain name of the Internet Service Provider. We also collect the total number of users of our site, in order to enable us to update and improve it in a more productive way (in this process, no personally identifiable information is extracted). This data lets us know if there are more visitors preferring certain features or areas, thus helping us to keep our site current and interesting for most of our users. Cookie technology helps us deliver content tailored to the interests of visitors. Sites that offer online purchase possibilities use cookies to record and process the items on your purchase card. Whenever authorized, we may associate personal information with a cookie file in such circumstances. If you do not wish to receive cookies, you can configure your computer to notify you whenever you receive a cookie or disable all cookies through your browser (see the help menu of your search engine for the correct way to change or update the cookies). If you disable cookies, you may not be able to access some of the above functions. Through their settings, most browsers allow you to have some control over most cookies. For more information about cookies, and to know which cookies have been installed, and to be able to manage and delete them, visit www.allaboutcookies.org. If you do not want your site visits to be detected by Google Analytics, visit http:\/\/tools.google.com\/dlpage\/gaoptout.<\/p><\/div>\n\t\t\t\t<\/div>\n\t\t\t\t<div class=\"elementor-element elementor-element-48a5b7e color-scheme-inherit text-left elementor-widget elementor-widget-text-editor\" data-id=\"48a5b7e\" data-element_type=\"widget\" data-widget_type=\"text-editor.default\">\n\t\t\t\t<div class=\"elementor-widget-container\"><h2 class=\"wp-block-heading\">Coments<\/h2><\/div>\n\t\t\t\t<\/div>\n\t\t\t\t<div class=\"elementor-element elementor-element-d35843a color-scheme-inherit text-left elementor-widget elementor-widget-text-editor\" data-id=\"d35843a\" data-element_type=\"widget\" data-widget_type=\"text-editor.default\">\n\t\t\t\t<div class=\"elementor-widget-container\"><p>When visitors leave comments on the website, the information from the comment form will be saved, as well as the IP address and browser user agent, to help detect cookies and spam.<\/p>\n<p><\/p>\n<p>An annonymous string create from your e-mail address(also known as hash) can be sent to the service Gravatr to verify if you are using it. Gravatar's privacy policy is available here: https:\/\/automattic.com\/privacy\/. After your comment is approved, your profile photo will be visible to the public in your comment.<\/p><\/div>\n\t\t\t\t<\/div>\n\t\t\t\t<div class=\"elementor-element elementor-element-390f3f0 color-scheme-inherit text-left elementor-widget elementor-widget-text-editor\" data-id=\"390f3f0\" data-element_type=\"widget\" data-widget_type=\"text-editor.default\">\n\t\t\t\t<div class=\"elementor-widget-container\"><h2 class=\"wp-block-heading\">Multimedia<\/h2><\/div>\n\t\t\t\t<\/div>\n\t\t\t\t<div class=\"elementor-element elementor-element-607db70 color-scheme-inherit text-left elementor-widget elementor-widget-text-editor\" data-id=\"607db70\" data-element_type=\"widget\" data-widget_type=\"text-editor.default\">\n\t\t\t\t<div class=\"elementor-widget-container\"><p>By loading images to the website. you should avoid loading images with incorporated geolocation data (EXIF GPS). The website visitors are able to donwload and extract geolocation data from images from the website.<\/p><\/div>\n\t\t\t\t<\/div>\n\t\t\t\t<div class=\"elementor-element elementor-element-ffb09f6 color-scheme-inherit text-left elementor-widget elementor-widget-text-editor\" data-id=\"ffb09f6\" data-element_type=\"widget\" data-widget_type=\"text-editor.default\">\n\t\t\t\t<div class=\"elementor-widget-container\"><h2 class=\"wp-block-heading\">What rights do you have over your data<\/h2><\/div>\n\t\t\t\t<\/div>\n\t\t\t\t<div class=\"elementor-element elementor-element-b47253b color-scheme-inherit text-left elementor-widget elementor-widget-text-editor\" data-id=\"b47253b\" data-element_type=\"widget\" data-widget_type=\"text-editor.default\">\n\t\t\t\t<div class=\"elementor-widget-container\"><p>If you create an account on this website, or if you left comments, you can request a file with all your saved personal data, including any personal data you have indicated. You can also ask for the deletion of that saved data. This does not include any data that is required for legal or for safety administrative means.<\/p><\/div>\n\t\t\t\t<\/div>\n\t\t\t\t<div class=\"elementor-element elementor-element-48fd081 color-scheme-inherit text-left elementor-widget elementor-widget-text-editor\" data-id=\"48fd081\" data-element_type=\"widget\" data-widget_type=\"text-editor.default\">\n\t\t\t\t<div class=\"elementor-widget-container\"><h2 class=\"wp-block-heading\">Where is your data sent<\/h2><\/div>\n\t\t\t\t<\/div>\n\t\t\t\t<div class=\"elementor-element elementor-element-5173f28 color-scheme-inherit text-left elementor-widget elementor-widget-text-editor\" data-id=\"5173f28\" data-element_type=\"widget\" data-widget_type=\"text-editor.default\">\n\t\t\t\t<div class=\"elementor-widget-container\"><p>The visitors' comments can be verified by an automatic spam detection service.<\/p><\/div>\n\t\t\t\t<\/div>\n\t\t\t\t<div class=\"elementor-element elementor-element-4c2b9e3 color-scheme-inherit text-left elementor-widget elementor-widget-text-editor\" data-id=\"4c2b9e3\" data-element_type=\"widget\" data-widget_type=\"text-editor.default\">\n\t\t\t\t<div class=\"elementor-widget-container\"><h2 class=\"wp-block-heading\">Embedded content from other websites<\/h2><\/div>\n\t\t\t\t<\/div>\n\t\t\t\t<div class=\"elementor-element elementor-element-7aa662b color-scheme-inherit text-left elementor-widget elementor-widget-text-editor\" data-id=\"7aa662b\" data-element_type=\"widget\" data-widget_type=\"text-editor.default\">\n\t\t\t\t<div class=\"elementor-widget-container\"><p>The articles in this website may include embedded content (e.g. videos, images, articles, etc.). The embedded content behaves the same way as if the user were to visit its source website.<\/p>\n<p><\/p>\n<p>This website can collect data about you, use cookies, use third party tracking. monitor your interactions with itself, including registering the interactions with embedded content if you have an account or if you are logged in in that website.<\/p><\/div>\n\t\t\t\t<\/div>\n\t\t\t\t<div class=\"elementor-element elementor-element-cdb511e color-scheme-inherit text-left elementor-widget elementor-widget-text-editor\" data-id=\"cdb511e\" data-element_type=\"widget\" data-widget_type=\"text-editor.default\">\n\t\t\t\t<div class=\"elementor-widget-container\"><h2 class=\"wp-block-heading\">With whom is my data being shared with<\/h2><\/div>\n\t\t\t\t<\/div>\n\t\t\t\t<div class=\"elementor-element elementor-element-aa22e61 color-scheme-inherit text-left elementor-widget elementor-widget-text-editor\" data-id=\"aa22e61\" data-element_type=\"widget\" data-widget_type=\"text-editor.default\">\n\t\t\t\t<div class=\"elementor-widget-container\"><p>If you ask for a new password, your IP address will be included in the email used for resetting your password.<\/p><\/div>\n\t\t\t\t<\/div>\n\t\t\t\t<div class=\"elementor-element elementor-element-c16e566 color-scheme-inherit text-left elementor-widget elementor-widget-text-editor\" data-id=\"c16e566\" data-element_type=\"widget\" data-widget_type=\"text-editor.default\">\n\t\t\t\t<div class=\"elementor-widget-container\"><h2 class=\"wp-block-heading\">For how long is your data stored<\/h2><\/div>\n\t\t\t\t<\/div>\n\t\t\t\t<div class=\"elementor-element elementor-element-835e27c color-scheme-inherit text-left elementor-widget elementor-widget-text-editor\" data-id=\"835e27c\" data-element_type=\"widget\" data-widget_type=\"text-editor.default\">\n\t\t\t\t<div class=\"elementor-widget-container\"><p>If you leave a comment, the comment and its metadata will be stored indefinetely. This happens so that we can receive and approve any future comments without needing to place them in a moderation queue.<\/p>\n<p><\/p>\n<p>For users that register in our website, we store the personal data uploaded in their user profile. Every user can see, edit and eliminate their personal data at any given moment (with the exception of not being able change ther username). The website admins can also see and edit that information.<\/p><\/div>\n\t\t\t\t<\/div>\n\t\t\t\t<div class=\"elementor-element elementor-element-a9dc785 color-scheme-inherit text-left elementor-widget elementor-widget-text-editor\" data-id=\"a9dc785\" data-element_type=\"widget\" data-widget_type=\"text-editor.default\">\n\t\t\t\t<div class=\"elementor-widget-container\"><h2 class=\"wp-block-heading\">What rights do you have over your data<\/h2><\/div>\n\t\t\t\t<\/div>\n\t\t\t\t<div class=\"elementor-element elementor-element-53a0d6b color-scheme-inherit text-left elementor-widget elementor-widget-text-editor\" data-id=\"53a0d6b\" data-element_type=\"widget\" data-widget_type=\"text-editor.default\">\n\t\t\t\t<div class=\"elementor-widget-container\"><p>If you create an account on this website, or if you left comments, you can request a file with all your saved personal data, including any personal data you have indicated. You can also ask for the deletion of that saved data. This does not include any data that is required for legal or for safety administrative means.<\/p><\/div>\n\t\t\t\t<\/div>\n\t\t\t\t\t<\/div>\n\t\t<\/div>\n\t\t\t\t\t<\/div>\n\t\t<\/section>\t\t<\/div>","protected":false},"excerpt":{"rendered":"<p>Pol\u00edtica de Privacidade &#8211; \u00c2mbito de Aplica\u00e7\u00e3o Ao encomendar atrav\u00e9s da AzorGhee est\u00e1 a concordar com todas as informa\u00e7\u00f5es legais<\/p>","protected":false},"author":1,"featured_media":0,"parent":0,"menu_order":0,"comment_status":"closed","ping_status":"closed","template":"","meta":{"footnotes":""},"class_list":["post-11767","page","type-page","status-publish","hentry"],"yoast_head":"<!-- This site is optimized with the Yoast SEO plugin v24.7 - https:\/\/yoast.com\/wordpress\/plugins\/seo\/ -->\n<title>Pol\u00edtica de Privacidade - AzorGhee<\/title>\n<meta name=\"description\" content=\"Quer saber mais sobre a pol\u00edtica de privacidade da AzorGhee? Consulte a nossa p\u00e1gina e informe-se acerca deste t\u00f3pico.\" \/>\n<meta name=\"robots\" content=\"index, follow, max-snippet:-1, max-image-preview:large, max-video-preview:-1\" \/>\n<link rel=\"canonical\" href=\"https:\/\/azorghee.eu\/en\/politica-de-privacidade\/\" \/>\n<meta property=\"og:locale\" content=\"en_GB\" \/>\n<meta property=\"og:type\" content=\"article\" \/>\n<meta property=\"og:title\" content=\"Pol\u00edtica de Privacidade - AzorGhee\" \/>\n<meta property=\"og:description\" content=\"Quer saber mais sobre a pol\u00edtica de privacidade da AzorGhee? Consulte a nossa p\u00e1gina e informe-se acerca deste t\u00f3pico.\" \/>\n<meta property=\"og:url\" content=\"https:\/\/azorghee.eu\/en\/politica-de-privacidade\/\" \/>\n<meta property=\"og:site_name\" content=\"AzorGhee\" \/>\n<meta property=\"article:modified_time\" content=\"2022-08-16T16:10:50+00:00\" \/>\n<meta name=\"twitter:card\" content=\"summary_large_image\" \/>\n<meta name=\"twitter:label1\" content=\"Estimated reading time\" \/>\n\t<meta name=\"twitter:data1\" content=\"7 minutes\" \/>\n<script type=\"application\/ld+json\" class=\"yoast-schema-graph\">{\"@context\":\"https:\/\/schema.org\",\"@graph\":[{\"@type\":\"WebPage\",\"@id\":\"https:\/\/azorghee.eu\/politica-de-privacidade\/\",\"url\":\"https:\/\/azorghee.eu\/politica-de-privacidade\/\",\"name\":\"Pol\u00edtica de Privacidade - AzorGhee\",\"isPartOf\":{\"@id\":\"https:\/\/azorghee.eu\/#website\"},\"datePublished\":\"2022-06-21T12:17:17+00:00\",\"dateModified\":\"2022-08-16T16:10:50+00:00\",\"description\":\"Quer saber mais sobre a pol\u00edtica de privacidade da AzorGhee? Consulte a nossa p\u00e1gina e informe-se acerca deste t\u00f3pico.\",\"breadcrumb\":{\"@id\":\"https:\/\/azorghee.eu\/politica-de-privacidade\/#breadcrumb\"},\"inLanguage\":\"en-GB\",\"potentialAction\":[{\"@type\":\"ReadAction\",\"target\":[\"https:\/\/azorghee.eu\/politica-de-privacidade\/\"]}]},{\"@type\":\"BreadcrumbList\",\"@id\":\"https:\/\/azorghee.eu\/politica-de-privacidade\/#breadcrumb\",\"itemListElement\":[{\"@type\":\"ListItem\",\"position\":1,\"name\":\"In\u00edcio\",\"item\":\"https:\/\/azorghee.eu\/\"},{\"@type\":\"ListItem\",\"position\":2,\"name\":\"Pol\u00edtica de Privacidade\"}]},{\"@type\":\"WebSite\",\"@id\":\"https:\/\/azorghee.eu\/#website\",\"url\":\"https:\/\/azorghee.eu\/\",\"name\":\"AzorGhee\",\"description\":\"Manteiga Clarificada\",\"publisher\":{\"@id\":\"https:\/\/azorghee.eu\/#organization\"},\"potentialAction\":[{\"@type\":\"SearchAction\",\"target\":{\"@type\":\"EntryPoint\",\"urlTemplate\":\"https:\/\/azorghee.eu\/?s={search_term_string}\"},\"query-input\":{\"@type\":\"PropertyValueSpecification\",\"valueRequired\":true,\"valueName\":\"search_term_string\"}}],\"inLanguage\":\"en-GB\"},{\"@type\":\"Organization\",\"@id\":\"https:\/\/azorghee.eu\/#organization\",\"name\":\"AzorGhee\",\"url\":\"https:\/\/azorghee.eu\/\",\"logo\":{\"@type\":\"ImageObject\",\"inLanguage\":\"en-GB\",\"@id\":\"https:\/\/azorghee.eu\/#\/schema\/logo\/image\/\",\"url\":\"https:\/\/azorghee.eu\/wp-content\/uploads\/2021\/07\/Logo-Color.png\",\"contentUrl\":\"https:\/\/azorghee.eu\/wp-content\/uploads\/2021\/07\/Logo-Color.png\",\"width\":2048,\"height\":1030,\"caption\":\"AzorGhee\"},\"image\":{\"@id\":\"https:\/\/azorghee.eu\/#\/schema\/logo\/image\/\"}}]}<\/script>\n<!-- \/ Yoast SEO plugin. -->","yoast_head_json":{"title":"Pol\u00edtica de Privacidade - AzorGhee","description":"Quer saber mais sobre a pol\u00edtica de privacidade da AzorGhee? Consulte a nossa p\u00e1gina e informe-se acerca deste t\u00f3pico.","robots":{"index":"index","follow":"follow","max-snippet":"max-snippet:-1","max-image-preview":"max-image-preview:large","max-video-preview":"max-video-preview:-1"},"canonical":"https:\/\/azorghee.eu\/en\/politica-de-privacidade\/","og_locale":"en_GB","og_type":"article","og_title":"Pol\u00edtica de Privacidade - AzorGhee","og_description":"Quer saber mais sobre a pol\u00edtica de privacidade da AzorGhee? Consulte a nossa p\u00e1gina e informe-se acerca deste t\u00f3pico.","og_url":"https:\/\/azorghee.eu\/en\/politica-de-privacidade\/","og_site_name":"AzorGhee","article_modified_time":"2022-08-16T16:10:50+00:00","twitter_card":"summary_large_image","twitter_misc":{"Estimated reading time":"7 minutes"},"schema":{"@context":"https:\/\/schema.org","@graph":[{"@type":"WebPage","@id":"https:\/\/azorghee.eu\/politica-de-privacidade\/","url":"https:\/\/azorghee.eu\/politica-de-privacidade\/","name":"Pol\u00edtica de Privacidade - AzorGhee","isPartOf":{"@id":"https:\/\/azorghee.eu\/#website"},"datePublished":"2022-06-21T12:17:17+00:00","dateModified":"2022-08-16T16:10:50+00:00","description":"Quer saber mais sobre a pol\u00edtica de privacidade da AzorGhee? Consulte a nossa p\u00e1gina e informe-se acerca deste t\u00f3pico.","breadcrumb":{"@id":"https:\/\/azorghee.eu\/politica-de-privacidade\/#breadcrumb"},"inLanguage":"en-GB","potentialAction":[{"@type":"ReadAction","target":["https:\/\/azorghee.eu\/politica-de-privacidade\/"]}]},{"@type":"BreadcrumbList","@id":"https:\/\/azorghee.eu\/politica-de-privacidade\/#breadcrumb","itemListElement":[{"@type":"ListItem","position":1,"name":"In\u00edcio","item":"https:\/\/azorghee.eu\/"},{"@type":"ListItem","position":2,"name":"Pol\u00edtica de Privacidade"}]},{"@type":"WebSite","@id":"https:\/\/azorghee.eu\/#website","url":"https:\/\/azorghee.eu\/","name":"AzorGhee","description":"Manteiga Clarificada","publisher":{"@id":"https:\/\/azorghee.eu\/#organization"},"potentialAction":[{"@type":"SearchAction","target":{"@type":"EntryPoint","urlTemplate":"https:\/\/azorghee.eu\/?s={search_term_string}"},"query-input":{"@type":"PropertyValueSpecification","valueRequired":true,"valueName":"search_term_string"}}],"inLanguage":"en-GB"},{"@type":"Organization","@id":"https:\/\/azorghee.eu\/#organization","name":"AzorGhee","url":"https:\/\/azorghee.eu\/","logo":{"@type":"ImageObject","inLanguage":"en-GB","@id":"https:\/\/azorghee.eu\/#\/schema\/logo\/image\/","url":"https:\/\/azorghee.eu\/wp-content\/uploads\/2021\/07\/Logo-Color.png","contentUrl":"https:\/\/azorghee.eu\/wp-content\/uploads\/2021\/07\/Logo-Color.png","width":2048,"height":1030,"caption":"AzorGhee"},"image":{"@id":"https:\/\/azorghee.eu\/#\/schema\/logo\/image\/"}}]}},"_links":{"self":[{"href":"https:\/\/azorghee.eu\/en\/wp-json\/wp\/v2\/pages\/11767","targetHints":{"allow":["GET"]}}],"collection":[{"href":"https:\/\/azorghee.eu\/en\/wp-json\/wp\/v2\/pages"}],"about":[{"href":"https:\/\/azorghee.eu\/en\/wp-json\/wp\/v2\/types\/page"}],"author":[{"embeddable":true,"href":"https:\/\/azorghee.eu\/en\/wp-json\/wp\/v2\/users\/1"}],"replies":[{"embeddable":true,"href":"https:\/\/azorghee.eu\/en\/wp-json\/wp\/v2\/comments?post=11767"}],"version-history":[{"count":41,"href":"https:\/\/azorghee.eu\/en\/wp-json\/wp\/v2\/pages\/11767\/revisions"}],"predecessor-version":[{"id":14192,"href":"https:\/\/azorghee.eu\/en\/wp-json\/wp\/v2\/pages\/11767\/revisions\/14192"}],"wp:attachment":[{"href":"https:\/\/azorghee.eu\/en\/wp-json\/wp\/v2\/media?parent=11767"}],"curies":[{"name":"wp","href":"https:\/\/api.w.org\/{rel}","templated":true}]}}