{"id":13391,"date":"2022-06-21T13:14:31","date_gmt":"2022-06-21T13:14:31","guid":{"rendered":"https:\/\/azorghee.eu\/?page_id=13391"},"modified":"2022-08-16T16:12:49","modified_gmt":"2022-08-16T16:12:49","slug":"termos-e-condicoes","status":"publish","type":"page","link":"https:\/\/azorghee.eu\/en\/termos-e-condicoes\/","title":{"rendered":"Terms &amp; Conditions"},"content":{"rendered":"<div data-elementor-type=\"wp-page\" data-elementor-id=\"13391\" class=\"elementor elementor-13391\">\n\t\t\t\t<section class=\"wd-negative-gap elementor-section elementor-top-section elementor-element elementor-element-664ab1fe elementor-section-boxed elementor-section-height-default elementor-section-height-default\" data-id=\"664ab1fe\" data-element_type=\"section\">\n\t\t\t\t\t\t<div class=\"elementor-container elementor-column-gap-default\">\n\t\t\t\t\t<div class=\"elementor-column elementor-col-100 elementor-top-column elementor-element elementor-element-2ea63b54\" data-id=\"2ea63b54\" data-element_type=\"column\">\n\t\t\t<div class=\"elementor-widget-wrap elementor-element-populated\">\n\t\t\t\t\t\t<div class=\"elementor-element elementor-element-25f94aaf color-scheme-inherit text-left elementor-widget elementor-widget-text-editor\" data-id=\"25f94aaf\" data-element_type=\"widget\" data-widget_type=\"text-editor.default\">\n\t\t\t\t<div class=\"elementor-widget-container\"><h1 class=\"wp-block-heading\">Termos e Condi\u00e7\u00f5es &#8211; Objetivo<\/h1><\/div>\n\t\t\t\t<\/div>\n\t\t\t\t<div class=\"elementor-element elementor-element-5c3686d color-scheme-inherit text-left elementor-widget elementor-widget-text-editor\" data-id=\"5c3686d\" data-element_type=\"widget\" data-widget_type=\"text-editor.default\">\n\t\t\t\t<div class=\"elementor-widget-container\"><p>The conditions listed below regulate the use of the www.azorghee.eu website and the acquisition of its products and services. The purchase of the products admits the acceptance of the conditions mentioned below, which conditions may change without prior notice, and the customer must consider reading them before making any request.<\/p><\/div>\n\t\t\t\t<\/div>\n\t\t\t\t<div class=\"elementor-element elementor-element-ada4bd2 color-scheme-inherit text-left elementor-widget elementor-widget-text-editor\" data-id=\"ada4bd2\" data-element_type=\"widget\" data-widget_type=\"text-editor.default\">\n\t\t\t\t<div class=\"elementor-widget-container\"><h2 class=\"wp-block-heading\">Website Usage<\/h2><\/div>\n\t\t\t\t<\/div>\n\t\t\t\t<div class=\"elementor-element elementor-element-51bf760 color-scheme-inherit text-left elementor-widget elementor-widget-text-editor\" data-id=\"51bf760\" data-element_type=\"widget\" data-widget_type=\"text-editor.default\">\n\t\t\t\t<div class=\"elementor-widget-container\"><p>By accessing the AzorGhee website, the client agrees to:<\/p><\/div>\n\t\t\t\t<\/div>\n\t\t\t\t<div class=\"elementor-element elementor-element-cbcc68a color-scheme-inherit text-left elementor-widget elementor-widget-text-editor\" data-id=\"cbcc68a\" data-element_type=\"widget\" data-widget_type=\"text-editor.default\">\n\t\t\t\t<div class=\"elementor-widget-container\"><ul>\n<li>\u00a0Use the site to navigate it or make legally valid orders;<\/li>\n<li>Not make any false or fraudulent orders;<\/li>\n<li>Provide us with the necessary data for the correct formalization of the order in a true and exact way. You further agree to the use of this information in accordance with the Privacy Policy;<\/li>\n<li>N\u00e3o utilizar qualquer conte\u00fado presente no site para alguma finalidade alheia \u00e0 <a href=\"https:\/\/azorghee.eu\/en\/sobre-nos\/\"><strong>AzorGhee<\/strong><\/a>.<\/li>\n<\/ul><\/div>\n\t\t\t\t<\/div>\n\t\t\t\t<div class=\"elementor-element elementor-element-79dc0aa color-scheme-inherit text-left elementor-widget elementor-widget-text-editor\" data-id=\"79dc0aa\" data-element_type=\"widget\" data-widget_type=\"text-editor.default\">\n\t\t\t\t<div class=\"elementor-widget-container\"><h2 class=\"wp-block-heading\">General Conditions of Sale<\/h2><\/div>\n\t\t\t\t<\/div>\n\t\t\t\t<div class=\"elementor-element elementor-element-cddcf42 color-scheme-inherit text-left elementor-widget elementor-widget-text-editor\" data-id=\"cddcf42\" data-element_type=\"widget\" data-widget_type=\"text-editor.default\">\n\t\t\t\t<div class=\"elementor-widget-container\">\n\t\t\t\t\t\t\t\t\t<p><\/p>\n<p>O cliente concretiza a sua encomenda atrav\u00e9s da conclus\u00e3o do processo de compra apresentado na loja online da <a href=\"https:\/\/azorghee.eu\/en\/sobre-nos\/\"><strong>AzorGhee<\/strong><\/a>, adicionando ao \u201cCarrinho de Compras\u201d o(s) produto(s) que pretende.\u00a0Para receber a sua encomenda o cliente dever\u00e1: a) Registar-se na plataforma, fornecendo para o efeito as informa\u00e7\u00f5es solicitadas. b) Efetuar o \u201cLogin\u201d (facultando uma combina\u00e7\u00e3o de e-mail e palavra-passe escolhidas pelo utilizador no ato de registo). c) Completar a informa\u00e7\u00e3o e escolher as op\u00e7\u00f5es que lhe s\u00e3o disponibilizadas ao longo do processo de finaliza\u00e7\u00e3o da encomenda (morada de entrega e fatura\u00e7\u00e3o, forma de envio, forma de pagamento, bem como o NIF e o nome que, para efeitos fiscais, pretende que conste da fatura). A confirma\u00e7\u00e3o final da encomenda pelo cliente equivale \u00e0 aceita\u00e7\u00e3o plena e completa dos pre\u00e7os e descri\u00e7\u00e3o dos produtos dispon\u00edveis para venda, assim como destas Condi\u00e7\u00f5es Gerais de Venda que ser\u00e3o as \u00fanicas aplic\u00e1veis ao contrato assim conclu\u00eddo. A <a href=\"https:\/\/azorghee.eu\/en\/sobre-nos\/\"><strong>AzorGhee<\/strong><\/a> honrar\u00e1 as encomendas recebidas online at\u00e9 ao limite dos stocks dispon\u00edveis. Na falta de disponibilidade do produto a <a href=\"https:\/\/azorghee.eu\/en\/sobre-nos\/\"><strong>AzorGhee<\/strong><\/a> compromete-se a informar o cliente logo que lhe seja poss\u00edvel. Os dados que constam da fatura s\u00e3o da inteira responsabilidade do utilizador. A fatura depois de emitida n\u00e3o poder\u00e1 ser reemitida com altera\u00e7\u00f5es.<\/p>\n<p><\/p>\t\t\t\t\t\t\t\t<\/div>\n\t\t\t\t<\/div>\n\t\t\t\t<div class=\"elementor-element elementor-element-9ebb7b8 color-scheme-inherit text-left elementor-widget elementor-widget-text-editor\" data-id=\"9ebb7b8\" data-element_type=\"widget\" data-widget_type=\"text-editor.default\">\n\t\t\t\t<div class=\"elementor-widget-container\"><h2 class=\"wp-block-heading\">Payment<\/h2><\/div>\n\t\t\t\t<\/div>\n\t\t\t\t<div class=\"elementor-element elementor-element-63842cb color-scheme-inherit text-left elementor-widget elementor-widget-text-editor\" data-id=\"63842cb\" data-element_type=\"widget\" data-widget_type=\"text-editor.default\">\n\t\t\t\t<div class=\"elementor-widget-container\"><p>The <a href=\"https:\/\/azorghee.eu\/en\/sobre-nos\/\"><strong>AzorGhee<\/strong><\/a> prop\u00f5e ao cliente as seguintes modalidades de pagamento: a) Cart\u00e3o de Cr\u00e9dito; b) Refer\u00eancia Multibanco; c) MBWAY.<\/p><\/div>\n\t\t\t\t<\/div>\n\t\t\t\t<div class=\"elementor-element elementor-element-ab09c4f color-scheme-inherit text-left elementor-widget elementor-widget-text-editor\" data-id=\"ab09c4f\" data-element_type=\"widget\" data-widget_type=\"text-editor.default\">\n\t\t\t\t<div class=\"elementor-widget-container\"><h2 class=\"wp-block-heading\">Presented Prices<\/h2><\/div>\n\t\t\t\t<\/div>\n\t\t\t\t<div class=\"elementor-element elementor-element-89248b3 color-scheme-inherit text-left elementor-widget elementor-widget-text-editor\" data-id=\"89248b3\" data-element_type=\"widget\" data-widget_type=\"text-editor.default\">\n\t\t\t\t<div class=\"elementor-widget-container\"><p>Os pre\u00e7os devem entender-se em euros e incluem o IVA (Imposto de Valor Acrescentado) aplic\u00e1vel \u00e0 data da fatura, mas n\u00e3o incluem as despesas de envio, as quais ser\u00e3o acrescentadas ao finalizar a encomenda. Qualquer modifica\u00e7\u00e3o do tipo de IVA aplic\u00e1vel ser\u00e1 refletida nos pre\u00e7os dos produtos. A <a href=\"https:\/\/azorghee.eu\/en\/sobre-nos\/\"><strong>AzorGhee<\/strong><\/a> reserva-se no direito de altera\u00e7\u00e3o de pre\u00e7os e especifica\u00e7\u00f5es a qualquer altura, assim como declina qualquer erro de pre\u00e7os ou especifica\u00e7\u00f5es por eventuais erros publicados no site. No tratamento da sua encomenda todo e qualquer erro de pre\u00e7os que eventualmente possa estar a ser apresentado no site devido a anomalias t\u00e9cnicas ser\u00e1 detetado. Nesta situa\u00e7\u00e3o o cliente \u00e9 contactado. Se o pre\u00e7o do produto apresentado no site for na realidade mais baixo, a diferen\u00e7a \u00e9 devolvida, se o pre\u00e7o for superior o cliente ser\u00e1 contactado e reserva-se no direito de aceitar ou cancelar a encomenda.<\/p><\/div>\n\t\t\t\t<\/div>\n\t\t\t\t<div class=\"elementor-element elementor-element-48a5b7e color-scheme-inherit text-left elementor-widget elementor-widget-text-editor\" data-id=\"48a5b7e\" data-element_type=\"widget\" data-widget_type=\"text-editor.default\">\n\t\t\t\t<div class=\"elementor-widget-container\"><h2 class=\"wp-block-heading\">Out of stock<\/h2><\/div>\n\t\t\t\t<\/div>\n\t\t\t\t<div class=\"elementor-element elementor-element-d35843a color-scheme-inherit text-left elementor-widget elementor-widget-text-editor\" data-id=\"d35843a\" data-element_type=\"widget\" data-widget_type=\"text-editor.default\">\n\t\t\t\t<div class=\"elementor-widget-container\"><p>The <a href=\"https:\/\/azorghee.eu\/en\/sobre-nos\/\"><strong>AzorGhee<\/strong><\/a> assegura, de forma habitual, a disponibilidade de todos os produtos. Contudo, nos casos em que se verifique alguma falha no stock o cliente ser\u00e1 avisado e ser\u00e1 proposta a substitui\u00e7\u00e3o, anula\u00e7\u00e3o (devolu\u00e7\u00e3o do valor pago atrav\u00e9s do mesmo m\u00e9todo de pagamento, no prazo m\u00e1ximo de 30 (trinta) dias a partir da data do conhecimento dessa indisponibilidade) ou adiamento do pedido.\u00a0<\/p>\n<p><\/p>\n<p><\/p><\/div>\n\t\t\t\t<\/div>\n\t\t\t\t\t<\/div>\n\t\t<\/div>\n\t\t\t\t\t<\/div>\n\t\t<\/section>\t\t<\/div>","protected":false},"excerpt":{"rendered":"<p>Termos e Condi\u00e7\u00f5es &#8211; Objetivo As condi\u00e7\u00f5es abaixo referidas regularizam a utiliza\u00e7\u00e3o do site www.azorghee.eu e a aquisi\u00e7\u00e3o dos seus<\/p>","protected":false},"author":1,"featured_media":0,"parent":0,"menu_order":0,"comment_status":"closed","ping_status":"closed","template":"","meta":{"footnotes":""},"class_list":["post-13391","page","type-page","status-publish","hentry"],"yoast_head":"<!-- This site is optimized with the Yoast SEO plugin v24.7 - https:\/\/yoast.com\/wordpress\/plugins\/seo\/ -->\n<title>Termos e Condi\u00e7\u00f5es - AzorGhee<\/title>\n<meta name=\"description\" content=\"Quer saber mais sobre os termos e condi\u00e7\u00f5es da AzorGhee? Consulte a nossa p\u00e1gina dedicada a esse t\u00f3pico e informe-se.\" \/>\n<meta name=\"robots\" content=\"index, follow, max-snippet:-1, max-image-preview:large, max-video-preview:-1\" \/>\n<link rel=\"canonical\" href=\"https:\/\/azorghee.eu\/en\/termos-e-condicoes\/\" \/>\n<meta property=\"og:locale\" content=\"en_GB\" \/>\n<meta property=\"og:type\" content=\"article\" \/>\n<meta property=\"og:title\" content=\"Termos e Condi\u00e7\u00f5es - AzorGhee\" \/>\n<meta property=\"og:description\" content=\"Quer saber mais sobre os termos e condi\u00e7\u00f5es da AzorGhee? Consulte a nossa p\u00e1gina dedicada a esse t\u00f3pico e informe-se.\" \/>\n<meta property=\"og:url\" content=\"https:\/\/azorghee.eu\/en\/termos-e-condicoes\/\" \/>\n<meta property=\"og:site_name\" content=\"AzorGhee\" \/>\n<meta property=\"article:modified_time\" content=\"2022-08-16T16:12:49+00:00\" \/>\n<meta name=\"twitter:card\" content=\"summary_large_image\" \/>\n<meta name=\"twitter:label1\" content=\"Estimated reading time\" \/>\n\t<meta name=\"twitter:data1\" content=\"4 minutes\" \/>\n<script type=\"application\/ld+json\" class=\"yoast-schema-graph\">{\"@context\":\"https:\/\/schema.org\",\"@graph\":[{\"@type\":\"WebPage\",\"@id\":\"https:\/\/azorghee.eu\/termos-e-condicoes\/\",\"url\":\"https:\/\/azorghee.eu\/termos-e-condicoes\/\",\"name\":\"Termos e Condi\u00e7\u00f5es - AzorGhee\",\"isPartOf\":{\"@id\":\"https:\/\/azorghee.eu\/#website\"},\"datePublished\":\"2022-06-21T13:14:31+00:00\",\"dateModified\":\"2022-08-16T16:12:49+00:00\",\"description\":\"Quer saber mais sobre os termos e condi\u00e7\u00f5es da AzorGhee? Consulte a nossa p\u00e1gina dedicada a esse t\u00f3pico e informe-se.\",\"breadcrumb\":{\"@id\":\"https:\/\/azorghee.eu\/termos-e-condicoes\/#breadcrumb\"},\"inLanguage\":\"en-GB\",\"potentialAction\":[{\"@type\":\"ReadAction\",\"target\":[\"https:\/\/azorghee.eu\/termos-e-condicoes\/\"]}]},{\"@type\":\"BreadcrumbList\",\"@id\":\"https:\/\/azorghee.eu\/termos-e-condicoes\/#breadcrumb\",\"itemListElement\":[{\"@type\":\"ListItem\",\"position\":1,\"name\":\"In\u00edcio\",\"item\":\"https:\/\/azorghee.eu\/\"},{\"@type\":\"ListItem\",\"position\":2,\"name\":\"Termos e Condi\u00e7\u00f5es\"}]},{\"@type\":\"WebSite\",\"@id\":\"https:\/\/azorghee.eu\/#website\",\"url\":\"https:\/\/azorghee.eu\/\",\"name\":\"AzorGhee\",\"description\":\"Manteiga Clarificada\",\"publisher\":{\"@id\":\"https:\/\/azorghee.eu\/#organization\"},\"potentialAction\":[{\"@type\":\"SearchAction\",\"target\":{\"@type\":\"EntryPoint\",\"urlTemplate\":\"https:\/\/azorghee.eu\/?s={search_term_string}\"},\"query-input\":{\"@type\":\"PropertyValueSpecification\",\"valueRequired\":true,\"valueName\":\"search_term_string\"}}],\"inLanguage\":\"en-GB\"},{\"@type\":\"Organization\",\"@id\":\"https:\/\/azorghee.eu\/#organization\",\"name\":\"AzorGhee\",\"url\":\"https:\/\/azorghee.eu\/\",\"logo\":{\"@type\":\"ImageObject\",\"inLanguage\":\"en-GB\",\"@id\":\"https:\/\/azorghee.eu\/#\/schema\/logo\/image\/\",\"url\":\"https:\/\/azorghee.eu\/wp-content\/uploads\/2021\/07\/Logo-Color.png\",\"contentUrl\":\"https:\/\/azorghee.eu\/wp-content\/uploads\/2021\/07\/Logo-Color.png\",\"width\":2048,\"height\":1030,\"caption\":\"AzorGhee\"},\"image\":{\"@id\":\"https:\/\/azorghee.eu\/#\/schema\/logo\/image\/\"}}]}<\/script>\n<!-- \/ Yoast SEO plugin. -->","yoast_head_json":{"title":"Termos e Condi\u00e7\u00f5es - AzorGhee","description":"Quer saber mais sobre os termos e condi\u00e7\u00f5es da AzorGhee? Consulte a nossa p\u00e1gina dedicada a esse t\u00f3pico e informe-se.","robots":{"index":"index","follow":"follow","max-snippet":"max-snippet:-1","max-image-preview":"max-image-preview:large","max-video-preview":"max-video-preview:-1"},"canonical":"https:\/\/azorghee.eu\/en\/termos-e-condicoes\/","og_locale":"en_GB","og_type":"article","og_title":"Termos e Condi\u00e7\u00f5es - AzorGhee","og_description":"Quer saber mais sobre os termos e condi\u00e7\u00f5es da AzorGhee? Consulte a nossa p\u00e1gina dedicada a esse t\u00f3pico e informe-se.","og_url":"https:\/\/azorghee.eu\/en\/termos-e-condicoes\/","og_site_name":"AzorGhee","article_modified_time":"2022-08-16T16:12:49+00:00","twitter_card":"summary_large_image","twitter_misc":{"Estimated reading time":"4 minutes"},"schema":{"@context":"https:\/\/schema.org","@graph":[{"@type":"WebPage","@id":"https:\/\/azorghee.eu\/termos-e-condicoes\/","url":"https:\/\/azorghee.eu\/termos-e-condicoes\/","name":"Termos e Condi\u00e7\u00f5es - AzorGhee","isPartOf":{"@id":"https:\/\/azorghee.eu\/#website"},"datePublished":"2022-06-21T13:14:31+00:00","dateModified":"2022-08-16T16:12:49+00:00","description":"Quer saber mais sobre os termos e condi\u00e7\u00f5es da AzorGhee? Consulte a nossa p\u00e1gina dedicada a esse t\u00f3pico e informe-se.","breadcrumb":{"@id":"https:\/\/azorghee.eu\/termos-e-condicoes\/#breadcrumb"},"inLanguage":"en-GB","potentialAction":[{"@type":"ReadAction","target":["https:\/\/azorghee.eu\/termos-e-condicoes\/"]}]},{"@type":"BreadcrumbList","@id":"https:\/\/azorghee.eu\/termos-e-condicoes\/#breadcrumb","itemListElement":[{"@type":"ListItem","position":1,"name":"In\u00edcio","item":"https:\/\/azorghee.eu\/"},{"@type":"ListItem","position":2,"name":"Termos e Condi\u00e7\u00f5es"}]},{"@type":"WebSite","@id":"https:\/\/azorghee.eu\/#website","url":"https:\/\/azorghee.eu\/","name":"AzorGhee","description":"Manteiga Clarificada","publisher":{"@id":"https:\/\/azorghee.eu\/#organization"},"potentialAction":[{"@type":"SearchAction","target":{"@type":"EntryPoint","urlTemplate":"https:\/\/azorghee.eu\/?s={search_term_string}"},"query-input":{"@type":"PropertyValueSpecification","valueRequired":true,"valueName":"search_term_string"}}],"inLanguage":"en-GB"},{"@type":"Organization","@id":"https:\/\/azorghee.eu\/#organization","name":"AzorGhee","url":"https:\/\/azorghee.eu\/","logo":{"@type":"ImageObject","inLanguage":"en-GB","@id":"https:\/\/azorghee.eu\/#\/schema\/logo\/image\/","url":"https:\/\/azorghee.eu\/wp-content\/uploads\/2021\/07\/Logo-Color.png","contentUrl":"https:\/\/azorghee.eu\/wp-content\/uploads\/2021\/07\/Logo-Color.png","width":2048,"height":1030,"caption":"AzorGhee"},"image":{"@id":"https:\/\/azorghee.eu\/#\/schema\/logo\/image\/"}}]}},"_links":{"self":[{"href":"https:\/\/azorghee.eu\/en\/wp-json\/wp\/v2\/pages\/13391","targetHints":{"allow":["GET"]}}],"collection":[{"href":"https:\/\/azorghee.eu\/en\/wp-json\/wp\/v2\/pages"}],"about":[{"href":"https:\/\/azorghee.eu\/en\/wp-json\/wp\/v2\/types\/page"}],"author":[{"embeddable":true,"href":"https:\/\/azorghee.eu\/en\/wp-json\/wp\/v2\/users\/1"}],"replies":[{"embeddable":true,"href":"https:\/\/azorghee.eu\/en\/wp-json\/wp\/v2\/comments?post=13391"}],"version-history":[{"count":42,"href":"https:\/\/azorghee.eu\/en\/wp-json\/wp\/v2\/pages\/13391\/revisions"}],"predecessor-version":[{"id":14204,"href":"https:\/\/azorghee.eu\/en\/wp-json\/wp\/v2\/pages\/13391\/revisions\/14204"}],"wp:attachment":[{"href":"https:\/\/azorghee.eu\/en\/wp-json\/wp\/v2\/media?parent=13391"}],"curies":[{"name":"wp","href":"https:\/\/api.w.org\/{rel}","templated":true}]}}