{"id":13457,"date":"2022-06-29T13:46:23","date_gmt":"2022-06-29T13:46:23","guid":{"rendered":"https:\/\/azorghee.eu\/?page_id=13457"},"modified":"2022-08-16T16:12:59","modified_gmt":"2022-08-16T16:12:59","slug":"trocas-e-devolucoes","status":"publish","type":"page","link":"https:\/\/azorghee.eu\/en\/trocas-e-devolucoes\/","title":{"rendered":"Exchanges &amp; Returns"},"content":{"rendered":"<div data-elementor-type=\"wp-page\" data-elementor-id=\"13457\" class=\"elementor elementor-13457\">\n\t\t\t\t<section class=\"wd-negative-gap elementor-section elementor-top-section elementor-element elementor-element-664ab1fe elementor-section-boxed elementor-section-height-default elementor-section-height-default\" data-id=\"664ab1fe\" data-element_type=\"section\">\n\t\t\t\t\t\t<div class=\"elementor-container elementor-column-gap-default\">\n\t\t\t\t\t<div class=\"elementor-column elementor-col-100 elementor-top-column elementor-element elementor-element-2ea63b54\" data-id=\"2ea63b54\" data-element_type=\"column\">\n\t\t\t<div class=\"elementor-widget-wrap elementor-element-populated\">\n\t\t\t\t\t\t<div class=\"elementor-element elementor-element-25f94aaf color-scheme-inherit text-left elementor-widget elementor-widget-text-editor\" data-id=\"25f94aaf\" data-element_type=\"widget\" data-widget_type=\"text-editor.default\">\n\t\t\t\t<div class=\"elementor-widget-container\"><h1 class=\"wp-block-heading\"><strong>Trocas e Devolu\u00e7\u00f5es &#8211; Como devolver ou trocar uma encomenda<\/strong><\/h1><\/div>\n\t\t\t\t<\/div>\n\t\t\t\t<div class=\"elementor-element elementor-element-5c3686d color-scheme-inherit text-left elementor-widget elementor-widget-text-editor\" data-id=\"5c3686d\" data-element_type=\"widget\" data-widget_type=\"text-editor.default\">\n\t\t\t\t<div class=\"elementor-widget-container\"><p>To iniciate the return or exchange process, please contact us through our e-mail <b href = \"mailto: info@azorghee.eu\">info@azorghee.eu<\/b> and write to us:<\/p><\/div>\n\t\t\t\t<\/div>\n\t\t\t\t<div class=\"elementor-element elementor-element-f6334d3 color-scheme-inherit text-left elementor-widget elementor-widget-text-editor\" data-id=\"f6334d3\" data-element_type=\"widget\" data-widget_type=\"text-editor.default\">\n\t\t\t\t<div class=\"elementor-widget-container\">\n\t\t\t\t\t\t\t\t\t<ul>\n<li>the order number;<\/li>\n<li>a copy of the receipt;<\/li>\n<li>a photo of the product;<\/li>\n<li>the description of the problem.<\/li>\n<\/ul>\t\t\t\t\t\t\t\t<\/div>\n\t\t\t\t<\/div>\n\t\t\t\t<div class=\"elementor-element elementor-element-658dc28 color-scheme-inherit text-left elementor-widget elementor-widget-text-editor\" data-id=\"658dc28\" data-element_type=\"widget\" data-widget_type=\"text-editor.default\">\n\t\t\t\t<div class=\"elementor-widget-container\"><p>After receiving and verifying the email, we will send you the necessary information so you can complete your exchange\/return. <b>Please do not send any products before going through these steps, they will not be accepted.<\/b><\/p>\n<p>The shipping costs to our address will be covered by the customer, unless AzorGhee or the shipping services are responsible for the reason of the return\/exchange.<\/p>\n<p>The exchange or return will only be done after an evaluation of the condition of the product \u2013 <b>the product can't have been opened previously and it's packaging has to be intact to be considered eligible for exchange\/return.<\/b><\/p><\/div>\n\t\t\t\t<\/div>\n\t\t\t\t<div class=\"elementor-element elementor-element-ada4bd2 color-scheme-inherit text-left elementor-widget elementor-widget-text-editor\" data-id=\"ada4bd2\" data-element_type=\"widget\" data-widget_type=\"text-editor.default\">\n\t\t\t\t<div class=\"elementor-widget-container\"><h2 class=\"wp-block-heading\"><strong>Deadline for exchanges\/returns<\/strong><\/h2><\/div>\n\t\t\t\t<\/div>\n\t\t\t\t<div class=\"elementor-element elementor-element-51bf760 color-scheme-inherit text-left elementor-widget elementor-widget-text-editor\" data-id=\"51bf760\" data-element_type=\"widget\" data-widget_type=\"text-editor.default\">\n\t\t\t\t<div class=\"elementor-widget-container\"><p>The customer has 14 days after they have received their order to ask for an exchange\/return.<\/p><\/div>\n\t\t\t\t<\/div>\n\t\t\t\t<div class=\"elementor-element elementor-element-ab09c4f color-scheme-inherit text-left elementor-widget elementor-widget-text-editor\" data-id=\"ab09c4f\" data-element_type=\"widget\" data-widget_type=\"text-editor.default\">\n\t\t\t\t<div class=\"elementor-widget-container\"><h2 class=\"wp-block-heading\"><strong>Refunds<\/strong><\/h2><\/div>\n\t\t\t\t<\/div>\n\t\t\t\t<div class=\"elementor-element elementor-element-89248b3 color-scheme-inherit text-left elementor-widget elementor-widget-text-editor\" data-id=\"89248b3\" data-element_type=\"widget\" data-widget_type=\"text-editor.default\">\n\t\t\t\t<div class=\"elementor-widget-container\"><p>Refuns will be issued through the same paying method used by the customer to place their order.<\/p><\/div>\n\t\t\t\t<\/div>\n\t\t\t\t<div class=\"elementor-element elementor-element-9ebb7b8 color-scheme-inherit text-left elementor-widget elementor-widget-text-editor\" data-id=\"9ebb7b8\" data-element_type=\"widget\" data-widget_type=\"text-editor.default\">\n\t\t\t\t<div class=\"elementor-widget-container\"><h3 class=\"wp-block-heading\">Canceling orders<\/h3><\/div>\n\t\t\t\t<\/div>\n\t\t\t\t<div class=\"elementor-element elementor-element-63842cb color-scheme-inherit text-left elementor-widget elementor-widget-text-editor\" data-id=\"63842cb\" data-element_type=\"widget\" data-widget_type=\"text-editor.default\">\n\t\t\t\t<div class=\"elementor-widget-container\"><p>Orders can only be canceled if the payment hasn't been done and if the order hans't been processed yet.<\/p><\/div>\n\t\t\t\t<\/div>\n\t\t\t\t<div class=\"elementor-element elementor-element-79dc0aa color-scheme-inherit text-left elementor-widget elementor-widget-text-editor\" data-id=\"79dc0aa\" data-element_type=\"widget\" data-widget_type=\"text-editor.default\">\n\t\t\t\t<div class=\"elementor-widget-container\"><h3 class=\"wp-block-heading\"><strong>Orders not received<\/strong><\/h3><\/div>\n\t\t\t\t<\/div>\n\t\t\t\t<div class=\"elementor-element elementor-element-cddcf42 color-scheme-inherit text-left elementor-widget elementor-widget-text-editor\" data-id=\"cddcf42\" data-element_type=\"widget\" data-widget_type=\"text-editor.default\">\n\t\t\t\t<div class=\"elementor-widget-container\"><p>If an order hasn't been delivered for any reason that can be atributed to AzorGhee, the customer will receive a full refund. If the reason can be atributed to the customer, the refund value will be deducted from the shiping and return costs.<br \/>Caso o motivo da \u201cn\u00e3o entrega\u201d seja imput\u00e1vel ao cliente o valor a reembolsar ser\u00e1 deduzido dos custos de envio e devolu\u00e7\u00e3o.<\/p><\/div>\n\t\t\t\t<\/div>\n\t\t\t\t\t<\/div>\n\t\t<\/div>\n\t\t\t\t\t<\/div>\n\t\t<\/section>\t\t<\/div>","protected":false},"excerpt":{"rendered":"<p>Trocas e Devolu\u00e7\u00f5es &#8211; Como devolver ou trocar uma encomenda Para proceder \u00e0 devolu\u00e7\u00e3o ou troca de uma encomenda por<\/p>","protected":false},"author":1,"featured_media":0,"parent":0,"menu_order":0,"comment_status":"closed","ping_status":"closed","template":"","meta":{"footnotes":""},"class_list":["post-13457","page","type-page","status-publish","hentry"],"yoast_head":"<!-- This site is optimized with the Yoast SEO plugin v24.7 - https:\/\/yoast.com\/wordpress\/plugins\/seo\/ -->\n<title>Trocas e Devolu\u00e7\u00f5es - AzorGhee<\/title>\n<meta name=\"description\" content=\"Quer informar-se acerca da pol\u00edtica de devolu\u00e7\u00e3o da AzorGhee? Consulte a nossa p\u00e1gina de Trocas e Devolu\u00e7\u00f5es e veja como iniciar o processo.\" \/>\n<meta name=\"robots\" content=\"index, follow, max-snippet:-1, max-image-preview:large, max-video-preview:-1\" \/>\n<link rel=\"canonical\" href=\"https:\/\/azorghee.eu\/en\/trocas-e-devolucoes\/\" \/>\n<meta property=\"og:locale\" content=\"en_GB\" \/>\n<meta property=\"og:type\" content=\"article\" \/>\n<meta property=\"og:title\" content=\"Trocas e Devolu\u00e7\u00f5es - AzorGhee\" \/>\n<meta property=\"og:description\" content=\"Quer informar-se acerca da pol\u00edtica de devolu\u00e7\u00e3o da AzorGhee? Consulte a nossa p\u00e1gina de Trocas e Devolu\u00e7\u00f5es e veja como iniciar o processo.\" \/>\n<meta property=\"og:url\" content=\"https:\/\/azorghee.eu\/en\/trocas-e-devolucoes\/\" \/>\n<meta property=\"og:site_name\" content=\"AzorGhee\" \/>\n<meta property=\"article:modified_time\" content=\"2022-08-16T16:12:59+00:00\" \/>\n<meta name=\"twitter:card\" content=\"summary_large_image\" \/>\n<meta name=\"twitter:label1\" content=\"Estimated reading time\" \/>\n\t<meta name=\"twitter:data1\" content=\"2 minutes\" \/>\n<script type=\"application\/ld+json\" class=\"yoast-schema-graph\">{\"@context\":\"https:\/\/schema.org\",\"@graph\":[{\"@type\":\"WebPage\",\"@id\":\"https:\/\/azorghee.eu\/trocas-e-devolucoes\/\",\"url\":\"https:\/\/azorghee.eu\/trocas-e-devolucoes\/\",\"name\":\"Trocas e Devolu\u00e7\u00f5es - AzorGhee\",\"isPartOf\":{\"@id\":\"https:\/\/azorghee.eu\/#website\"},\"datePublished\":\"2022-06-29T13:46:23+00:00\",\"dateModified\":\"2022-08-16T16:12:59+00:00\",\"description\":\"Quer informar-se acerca da pol\u00edtica de devolu\u00e7\u00e3o da AzorGhee? Consulte a nossa p\u00e1gina de Trocas e Devolu\u00e7\u00f5es e veja como iniciar o processo.\",\"breadcrumb\":{\"@id\":\"https:\/\/azorghee.eu\/trocas-e-devolucoes\/#breadcrumb\"},\"inLanguage\":\"en-GB\",\"potentialAction\":[{\"@type\":\"ReadAction\",\"target\":[\"https:\/\/azorghee.eu\/trocas-e-devolucoes\/\"]}]},{\"@type\":\"BreadcrumbList\",\"@id\":\"https:\/\/azorghee.eu\/trocas-e-devolucoes\/#breadcrumb\",\"itemListElement\":[{\"@type\":\"ListItem\",\"position\":1,\"name\":\"In\u00edcio\",\"item\":\"https:\/\/azorghee.eu\/\"},{\"@type\":\"ListItem\",\"position\":2,\"name\":\"Trocas e Devolu\u00e7\u00f5es\"}]},{\"@type\":\"WebSite\",\"@id\":\"https:\/\/azorghee.eu\/#website\",\"url\":\"https:\/\/azorghee.eu\/\",\"name\":\"AzorGhee\",\"description\":\"Manteiga Clarificada\",\"publisher\":{\"@id\":\"https:\/\/azorghee.eu\/#organization\"},\"potentialAction\":[{\"@type\":\"SearchAction\",\"target\":{\"@type\":\"EntryPoint\",\"urlTemplate\":\"https:\/\/azorghee.eu\/?s={search_term_string}\"},\"query-input\":{\"@type\":\"PropertyValueSpecification\",\"valueRequired\":true,\"valueName\":\"search_term_string\"}}],\"inLanguage\":\"en-GB\"},{\"@type\":\"Organization\",\"@id\":\"https:\/\/azorghee.eu\/#organization\",\"name\":\"AzorGhee\",\"url\":\"https:\/\/azorghee.eu\/\",\"logo\":{\"@type\":\"ImageObject\",\"inLanguage\":\"en-GB\",\"@id\":\"https:\/\/azorghee.eu\/#\/schema\/logo\/image\/\",\"url\":\"https:\/\/azorghee.eu\/wp-content\/uploads\/2021\/07\/Logo-Color.png\",\"contentUrl\":\"https:\/\/azorghee.eu\/wp-content\/uploads\/2021\/07\/Logo-Color.png\",\"width\":2048,\"height\":1030,\"caption\":\"AzorGhee\"},\"image\":{\"@id\":\"https:\/\/azorghee.eu\/#\/schema\/logo\/image\/\"}}]}<\/script>\n<!-- \/ Yoast SEO plugin. -->","yoast_head_json":{"title":"Trocas e Devolu\u00e7\u00f5es - AzorGhee","description":"Quer informar-se acerca da pol\u00edtica de devolu\u00e7\u00e3o da AzorGhee? Consulte a nossa p\u00e1gina de Trocas e Devolu\u00e7\u00f5es e veja como iniciar o processo.","robots":{"index":"index","follow":"follow","max-snippet":"max-snippet:-1","max-image-preview":"max-image-preview:large","max-video-preview":"max-video-preview:-1"},"canonical":"https:\/\/azorghee.eu\/en\/trocas-e-devolucoes\/","og_locale":"en_GB","og_type":"article","og_title":"Trocas e Devolu\u00e7\u00f5es - AzorGhee","og_description":"Quer informar-se acerca da pol\u00edtica de devolu\u00e7\u00e3o da AzorGhee? Consulte a nossa p\u00e1gina de Trocas e Devolu\u00e7\u00f5es e veja como iniciar o processo.","og_url":"https:\/\/azorghee.eu\/en\/trocas-e-devolucoes\/","og_site_name":"AzorGhee","article_modified_time":"2022-08-16T16:12:59+00:00","twitter_card":"summary_large_image","twitter_misc":{"Estimated reading time":"2 minutes"},"schema":{"@context":"https:\/\/schema.org","@graph":[{"@type":"WebPage","@id":"https:\/\/azorghee.eu\/trocas-e-devolucoes\/","url":"https:\/\/azorghee.eu\/trocas-e-devolucoes\/","name":"Trocas e Devolu\u00e7\u00f5es - AzorGhee","isPartOf":{"@id":"https:\/\/azorghee.eu\/#website"},"datePublished":"2022-06-29T13:46:23+00:00","dateModified":"2022-08-16T16:12:59+00:00","description":"Quer informar-se acerca da pol\u00edtica de devolu\u00e7\u00e3o da AzorGhee? Consulte a nossa p\u00e1gina de Trocas e Devolu\u00e7\u00f5es e veja como iniciar o processo.","breadcrumb":{"@id":"https:\/\/azorghee.eu\/trocas-e-devolucoes\/#breadcrumb"},"inLanguage":"en-GB","potentialAction":[{"@type":"ReadAction","target":["https:\/\/azorghee.eu\/trocas-e-devolucoes\/"]}]},{"@type":"BreadcrumbList","@id":"https:\/\/azorghee.eu\/trocas-e-devolucoes\/#breadcrumb","itemListElement":[{"@type":"ListItem","position":1,"name":"In\u00edcio","item":"https:\/\/azorghee.eu\/"},{"@type":"ListItem","position":2,"name":"Trocas e Devolu\u00e7\u00f5es"}]},{"@type":"WebSite","@id":"https:\/\/azorghee.eu\/#website","url":"https:\/\/azorghee.eu\/","name":"AzorGhee","description":"Manteiga Clarificada","publisher":{"@id":"https:\/\/azorghee.eu\/#organization"},"potentialAction":[{"@type":"SearchAction","target":{"@type":"EntryPoint","urlTemplate":"https:\/\/azorghee.eu\/?s={search_term_string}"},"query-input":{"@type":"PropertyValueSpecification","valueRequired":true,"valueName":"search_term_string"}}],"inLanguage":"en-GB"},{"@type":"Organization","@id":"https:\/\/azorghee.eu\/#organization","name":"AzorGhee","url":"https:\/\/azorghee.eu\/","logo":{"@type":"ImageObject","inLanguage":"en-GB","@id":"https:\/\/azorghee.eu\/#\/schema\/logo\/image\/","url":"https:\/\/azorghee.eu\/wp-content\/uploads\/2021\/07\/Logo-Color.png","contentUrl":"https:\/\/azorghee.eu\/wp-content\/uploads\/2021\/07\/Logo-Color.png","width":2048,"height":1030,"caption":"AzorGhee"},"image":{"@id":"https:\/\/azorghee.eu\/#\/schema\/logo\/image\/"}}]}},"_links":{"self":[{"href":"https:\/\/azorghee.eu\/en\/wp-json\/wp\/v2\/pages\/13457","targetHints":{"allow":["GET"]}}],"collection":[{"href":"https:\/\/azorghee.eu\/en\/wp-json\/wp\/v2\/pages"}],"about":[{"href":"https:\/\/azorghee.eu\/en\/wp-json\/wp\/v2\/types\/page"}],"author":[{"embeddable":true,"href":"https:\/\/azorghee.eu\/en\/wp-json\/wp\/v2\/users\/1"}],"replies":[{"embeddable":true,"href":"https:\/\/azorghee.eu\/en\/wp-json\/wp\/v2\/comments?post=13457"}],"version-history":[{"count":31,"href":"https:\/\/azorghee.eu\/en\/wp-json\/wp\/v2\/pages\/13457\/revisions"}],"predecessor-version":[{"id":14205,"href":"https:\/\/azorghee.eu\/en\/wp-json\/wp\/v2\/pages\/13457\/revisions\/14205"}],"wp:attachment":[{"href":"https:\/\/azorghee.eu\/en\/wp-json\/wp\/v2\/media?parent=13457"}],"curies":[{"name":"wp","href":"https:\/\/api.w.org\/{rel}","templated":true}]}}