{"id":267,"date":"2017-06-21T08:08:52","date_gmt":"2017-06-21T08:08:52","guid":{"rendered":"http:\/\/dummy.xtemos.com\/woodmart-elementor\/?page_id=267"},"modified":"2022-08-17T11:13:27","modified_gmt":"2022-08-17T11:13:27","slug":"lista-de-desejos","status":"publish","type":"page","link":"https:\/\/azorghee.eu\/en\/lista-de-desejos\/","title":{"rendered":"Bucket List"},"content":{"rendered":"<p>[woodmart_wishlist]<\/p>","protected":false},"excerpt":{"rendered":"<p>[woodmart_wishlist]<\/p>","protected":false},"author":1,"featured_media":0,"parent":0,"menu_order":0,"comment_status":"closed","ping_status":"closed","template":"","meta":{"footnotes":""},"class_list":["post-267","page","type-page","status-publish","hentry"],"yoast_head":"<!-- This site is optimized with the Yoast SEO plugin v24.7 - https:\/\/yoast.com\/wordpress\/plugins\/seo\/ -->\n<title>Lista de Desejos - AzorGhee<\/title>\n<meta name=\"description\" content=\"Guarde todos os seus produtos favoritos na sua lista de desejos para que n\u00e3o se esque\u00e7a e n\u00e3o perca os melhores produtos para si!\" \/>\n<meta name=\"robots\" content=\"index, follow, max-snippet:-1, max-image-preview:large, max-video-preview:-1\" \/>\n<link rel=\"canonical\" href=\"https:\/\/azorghee.eu\/en\/lista-de-desejos\/\" \/>\n<meta property=\"og:locale\" content=\"en_GB\" \/>\n<meta property=\"og:type\" content=\"article\" \/>\n<meta property=\"og:title\" content=\"Lista de Desejos - AzorGhee\" \/>\n<meta property=\"og:description\" content=\"Guarde todos os seus produtos favoritos na sua lista de desejos para que n\u00e3o se esque\u00e7a e n\u00e3o perca os melhores produtos para si!\" \/>\n<meta property=\"og:url\" content=\"https:\/\/azorghee.eu\/en\/lista-de-desejos\/\" \/>\n<meta property=\"og:site_name\" content=\"AzorGhee\" \/>\n<meta property=\"article:modified_time\" content=\"2022-08-17T11:13:27+00:00\" \/>\n<meta name=\"twitter:card\" content=\"summary_large_image\" \/>\n<meta name=\"twitter:label1\" content=\"Estimated reading time\" \/>\n\t<meta name=\"twitter:data1\" content=\"1 minute\" \/>\n<script type=\"application\/ld+json\" class=\"yoast-schema-graph\">{\"@context\":\"https:\/\/schema.org\",\"@graph\":[{\"@type\":\"WebPage\",\"@id\":\"https:\/\/azorghee.eu\/lista-de-desejos\/\",\"url\":\"https:\/\/azorghee.eu\/lista-de-desejos\/\",\"name\":\"Lista de Desejos - AzorGhee\",\"isPartOf\":{\"@id\":\"https:\/\/azorghee.eu\/#website\"},\"datePublished\":\"2017-06-21T08:08:52+00:00\",\"dateModified\":\"2022-08-17T11:13:27+00:00\",\"description\":\"Guarde todos os seus produtos favoritos na sua lista de desejos para que n\u00e3o se esque\u00e7a e n\u00e3o perca os melhores produtos para si!\",\"breadcrumb\":{\"@id\":\"https:\/\/azorghee.eu\/lista-de-desejos\/#breadcrumb\"},\"inLanguage\":\"en-GB\",\"potentialAction\":[{\"@type\":\"ReadAction\",\"target\":[\"https:\/\/azorghee.eu\/lista-de-desejos\/\"]}]},{\"@type\":\"BreadcrumbList\",\"@id\":\"https:\/\/azorghee.eu\/lista-de-desejos\/#breadcrumb\",\"itemListElement\":[{\"@type\":\"ListItem\",\"position\":1,\"name\":\"In\u00edcio\",\"item\":\"https:\/\/azorghee.eu\/\"},{\"@type\":\"ListItem\",\"position\":2,\"name\":\"Lista de Desejos\"}]},{\"@type\":\"WebSite\",\"@id\":\"https:\/\/azorghee.eu\/#website\",\"url\":\"https:\/\/azorghee.eu\/\",\"name\":\"AzorGhee\",\"description\":\"Manteiga Clarificada\",\"publisher\":{\"@id\":\"https:\/\/azorghee.eu\/#organization\"},\"potentialAction\":[{\"@type\":\"SearchAction\",\"target\":{\"@type\":\"EntryPoint\",\"urlTemplate\":\"https:\/\/azorghee.eu\/?s={search_term_string}\"},\"query-input\":{\"@type\":\"PropertyValueSpecification\",\"valueRequired\":true,\"valueName\":\"search_term_string\"}}],\"inLanguage\":\"en-GB\"},{\"@type\":\"Organization\",\"@id\":\"https:\/\/azorghee.eu\/#organization\",\"name\":\"AzorGhee\",\"url\":\"https:\/\/azorghee.eu\/\",\"logo\":{\"@type\":\"ImageObject\",\"inLanguage\":\"en-GB\",\"@id\":\"https:\/\/azorghee.eu\/#\/schema\/logo\/image\/\",\"url\":\"https:\/\/azorghee.eu\/wp-content\/uploads\/2021\/07\/Logo-Color.png\",\"contentUrl\":\"https:\/\/azorghee.eu\/wp-content\/uploads\/2021\/07\/Logo-Color.png\",\"width\":2048,\"height\":1030,\"caption\":\"AzorGhee\"},\"image\":{\"@id\":\"https:\/\/azorghee.eu\/#\/schema\/logo\/image\/\"}}]}<\/script>\n<!-- \/ Yoast SEO plugin. -->","yoast_head_json":{"title":"Lista de Desejos - AzorGhee","description":"Guarde todos os seus produtos favoritos na sua lista de desejos para que n\u00e3o se esque\u00e7a e n\u00e3o perca os melhores produtos para si!","robots":{"index":"index","follow":"follow","max-snippet":"max-snippet:-1","max-image-preview":"max-image-preview:large","max-video-preview":"max-video-preview:-1"},"canonical":"https:\/\/azorghee.eu\/en\/lista-de-desejos\/","og_locale":"en_GB","og_type":"article","og_title":"Lista de Desejos - AzorGhee","og_description":"Guarde todos os seus produtos favoritos na sua lista de desejos para que n\u00e3o se esque\u00e7a e n\u00e3o perca os melhores produtos para si!","og_url":"https:\/\/azorghee.eu\/en\/lista-de-desejos\/","og_site_name":"AzorGhee","article_modified_time":"2022-08-17T11:13:27+00:00","twitter_card":"summary_large_image","twitter_misc":{"Estimated reading time":"1 minute"},"schema":{"@context":"https:\/\/schema.org","@graph":[{"@type":"WebPage","@id":"https:\/\/azorghee.eu\/lista-de-desejos\/","url":"https:\/\/azorghee.eu\/lista-de-desejos\/","name":"Lista de Desejos - AzorGhee","isPartOf":{"@id":"https:\/\/azorghee.eu\/#website"},"datePublished":"2017-06-21T08:08:52+00:00","dateModified":"2022-08-17T11:13:27+00:00","description":"Guarde todos os seus produtos favoritos na sua lista de desejos para que n\u00e3o se esque\u00e7a e n\u00e3o perca os melhores produtos para si!","breadcrumb":{"@id":"https:\/\/azorghee.eu\/lista-de-desejos\/#breadcrumb"},"inLanguage":"en-GB","potentialAction":[{"@type":"ReadAction","target":["https:\/\/azorghee.eu\/lista-de-desejos\/"]}]},{"@type":"BreadcrumbList","@id":"https:\/\/azorghee.eu\/lista-de-desejos\/#breadcrumb","itemListElement":[{"@type":"ListItem","position":1,"name":"In\u00edcio","item":"https:\/\/azorghee.eu\/"},{"@type":"ListItem","position":2,"name":"Lista de Desejos"}]},{"@type":"WebSite","@id":"https:\/\/azorghee.eu\/#website","url":"https:\/\/azorghee.eu\/","name":"AzorGhee","description":"Manteiga Clarificada","publisher":{"@id":"https:\/\/azorghee.eu\/#organization"},"potentialAction":[{"@type":"SearchAction","target":{"@type":"EntryPoint","urlTemplate":"https:\/\/azorghee.eu\/?s={search_term_string}"},"query-input":{"@type":"PropertyValueSpecification","valueRequired":true,"valueName":"search_term_string"}}],"inLanguage":"en-GB"},{"@type":"Organization","@id":"https:\/\/azorghee.eu\/#organization","name":"AzorGhee","url":"https:\/\/azorghee.eu\/","logo":{"@type":"ImageObject","inLanguage":"en-GB","@id":"https:\/\/azorghee.eu\/#\/schema\/logo\/image\/","url":"https:\/\/azorghee.eu\/wp-content\/uploads\/2021\/07\/Logo-Color.png","contentUrl":"https:\/\/azorghee.eu\/wp-content\/uploads\/2021\/07\/Logo-Color.png","width":2048,"height":1030,"caption":"AzorGhee"},"image":{"@id":"https:\/\/azorghee.eu\/#\/schema\/logo\/image\/"}}]}},"_links":{"self":[{"href":"https:\/\/azorghee.eu\/en\/wp-json\/wp\/v2\/pages\/267","targetHints":{"allow":["GET"]}}],"collection":[{"href":"https:\/\/azorghee.eu\/en\/wp-json\/wp\/v2\/pages"}],"about":[{"href":"https:\/\/azorghee.eu\/en\/wp-json\/wp\/v2\/types\/page"}],"author":[{"embeddable":true,"href":"https:\/\/azorghee.eu\/en\/wp-json\/wp\/v2\/users\/1"}],"replies":[{"embeddable":true,"href":"https:\/\/azorghee.eu\/en\/wp-json\/wp\/v2\/comments?post=267"}],"version-history":[{"count":1,"href":"https:\/\/azorghee.eu\/en\/wp-json\/wp\/v2\/pages\/267\/revisions"}],"predecessor-version":[{"id":11901,"href":"https:\/\/azorghee.eu\/en\/wp-json\/wp\/v2\/pages\/267\/revisions\/11901"}],"wp:attachment":[{"href":"https:\/\/azorghee.eu\/en\/wp-json\/wp\/v2\/media?parent=267"}],"curies":[{"name":"wp","href":"https:\/\/api.w.org\/{rel}","templated":true}]}}