{"id":12299,"date":"2021-08-27T16:21:13","date_gmt":"2021-08-27T16:21:13","guid":{"rendered":"http:\/\/azorghee.eu\/?post_type=product&#038;p=12299"},"modified":"2026-04-10T00:24:12","modified_gmt":"2026-04-10T00:24:12","slug":"manteiga-ghee-300g","status":"publish","type":"product","link":"https:\/\/azorghee.eu\/en\/product\/manteiga-ghee-300g\/","title":{"rendered":"AzorGhee Butter 300g"},"content":{"rendered":"<div data-elementor-type=\"wp-post\" data-elementor-id=\"12299\" class=\"elementor elementor-12299\">\n\t\t\t\t\t\t<section class=\"wd-negative-gap elementor-section elementor-top-section elementor-element elementor-element-0097c3d elementor-section-content-top elementor-section-boxed elementor-section-height-default elementor-section-height-default\" data-id=\"0097c3d\" data-element_type=\"section\">\n\t\t\t\t\t\t<div class=\"elementor-container elementor-column-gap-default\">\n\t\t\t\t\t<div class=\"elementor-column elementor-col-50 elementor-top-column elementor-element elementor-element-43c5c19\" data-id=\"43c5c19\" data-element_type=\"column\">\n\t\t\t<div class=\"elementor-widget-wrap elementor-element-populated\">\n\t\t\t\t\t\t<div class=\"elementor-element elementor-element-26f32cc color-scheme-inherit text-left elementor-widget elementor-widget-text-editor\" data-id=\"26f32cc\" data-element_type=\"widget\" data-widget_type=\"text-editor.default\">\n\t\t\t\t<div class=\"elementor-widget-container\">\n\t\t\t\t\t\t\t\t\t<p><b>Conservation\/Expiration:<\/b><\/p><p>Keep the butter in a dry and cool place, away from sunlight. It does not require refrigeration.<\/p><p>Validade de 24 meses.<\/p><p>It's advised to consume it in the next 3 months after it being opened.<\/p><p><b>Nutrition Information:<\/b><\/p><p>Average nutritional values per 100g:<\/p><p>Amount per serving:<\/p><p>Energy 3688.00 kJ \/ 897.00 kcal;<\/p><p>Lipids: 99,50g, includes saturated fatty acids: 69,4g;<\/p><p>Carbohydrates: &lt;0,10g, includes sugar: &lt;0,10g;<\/p><p>Proteins: &lt;0,40g;<\/p><p>Salt: &lt;0,03g;<\/p><p>Vitamin A: 1190mcg.<\/p>\t\t\t\t\t\t\t\t<\/div>\n\t\t\t\t<\/div>\n\t\t\t\t\t<\/div>\n\t\t<\/div>\n\t\t\t\t<div class=\"elementor-column elementor-col-50 elementor-top-column elementor-element elementor-element-cd51a15\" data-id=\"cd51a15\" data-element_type=\"column\">\n\t\t\t<div class=\"elementor-widget-wrap elementor-element-populated\">\n\t\t\t\t\t\t<div class=\"elementor-element elementor-element-71777c2 color-scheme-inherit text-left elementor-widget elementor-widget-text-editor\" data-id=\"71777c2\" data-element_type=\"widget\" data-widget_type=\"text-editor.default\">\n\t\t\t\t<div class=\"elementor-widget-container\">\n\t\t\t\t\t\t\t\t\t<p><b>Nutrition Facts (per 100g):<\/b><\/p><p>Vitamin A: 1190mcg<br \/>Lactose less than: 0,1g<br \/>Casein less than: 0,1g<br \/>Salt less than: 0,03g<br \/>Fat: 99,5%<br \/>Saturated Fatty Acids: 70,4%<br \/>Monounsaturated Fatty Acids: 26,5%<br \/>Polyunsaturated Fatty Acids: 2,7%<br \/>Trans Fatty Acids: 0,2%<br \/>Cis Fatty Acids: 26,3%<br \/>Capric Acid: 2,7%<br \/>Lauric Acid: 4,2%<br \/>Myristic Acid: 11,8%<br \/>Palmitic Acid: 29,2%<br \/>Palmitoleic Acid: 1,5%<br \/>Stearic acid: 9,9%<br \/>Oleic Acid: 22,7%<br \/>Linoleic Acid: 1,7%<br \/>Butyric Acid: 2,5%<br \/>Caproic Acid: 1,8%<br \/>Caprylic Acid: 1,2%<br \/>Pentadecanoic Acid: 1%<br \/>Heptadecanoic Acid: 0,7%<br \/>Linoledaylic Acid: 0,2%<br \/>Alpha-linolenic Acid: 0,5%<br \/>Omega3 Fatty Acids: 0,5%<\/p>\t\t\t\t\t\t\t\t<\/div>\n\t\t\t\t<\/div>\n\t\t\t\t\t<\/div>\n\t\t<\/div>\n\t\t\t\t\t<\/div>\n\t\t<\/section>\n\t\t\t\t<\/div>","protected":false},"excerpt":{"rendered":"<p>Suitable for people that are lactose intolerant.<\/p>\n<p>Can replace oils and other fats.<\/p>\n<p>The first Ghee butter made in Portugal.<\/p>","protected":false},"featured_media":15640,"comment_status":"open","ping_status":"closed","template":"","meta":[],"product_brand":[],"product_cat":[15,87],"product_tag":[],"class_list":{"0":"post-12299","1":"product","2":"type-product","3":"status-publish","4":"has-post-thumbnail","6":"product_cat-manteiga","7":"product_cat-todos","9":"first","10":"outofstock","11":"shipping-taxable","12":"purchasable","13":"product-type-simple"},"yoast_head":"<!-- This site is optimized with the Yoast SEO plugin v24.7 - https:\/\/yoast.com\/wordpress\/plugins\/seo\/ -->\n<title>Manteiga Ghee Clarificada 300g - AzorGhee<\/title>\n<meta name=\"description\" content=\"J\u00e1 experimentou a manteiga ghee clarificada 300g da AzorGhee? A manteiga AzorGhee \u00e9 100% saud\u00e1vel e pura, feita nos A\u00e7ores para si!\" \/>\n<meta name=\"robots\" content=\"index, follow, max-snippet:-1, max-image-preview:large, max-video-preview:-1\" \/>\n<link rel=\"canonical\" href=\"https:\/\/azorghee.eu\/en\/product\/manteiga-ghee-300g\/\" \/>\n<meta property=\"og:locale\" content=\"en_GB\" \/>\n<meta property=\"og:type\" content=\"article\" \/>\n<meta property=\"og:title\" content=\"Manteiga Ghee Clarificada 300g - AzorGhee\" \/>\n<meta property=\"og:description\" content=\"J\u00e1 experimentou a manteiga ghee clarificada 300g da AzorGhee? A manteiga AzorGhee \u00e9 100% saud\u00e1vel e pura, feita nos A\u00e7ores para si!\" \/>\n<meta property=\"og:url\" content=\"https:\/\/azorghee.eu\/en\/product\/manteiga-ghee-300g\/\" \/>\n<meta property=\"og:site_name\" content=\"AzorGhee\" \/>\n<meta property=\"article:modified_time\" content=\"2026-04-10T00:24:12+00:00\" \/>\n<meta property=\"og:image\" content=\"https:\/\/azorghee.eu\/wp-content\/uploads\/2021\/08\/PhotoRoom-20240130_235845.png\" \/>\n\t<meta property=\"og:image:width\" content=\"1512\" \/>\n\t<meta property=\"og:image:height\" content=\"1512\" \/>\n\t<meta property=\"og:image:type\" content=\"image\/png\" \/>\n<meta name=\"twitter:card\" content=\"summary_large_image\" \/>\n<meta name=\"twitter:label1\" content=\"Estimated reading time\" \/>\n\t<meta name=\"twitter:data1\" content=\"1 minute\" \/>\n<script type=\"application\/ld+json\" class=\"yoast-schema-graph\">{\"@context\":\"https:\/\/schema.org\",\"@graph\":[{\"@type\":\"WebPage\",\"@id\":\"https:\/\/azorghee.eu\/produto\/manteiga-ghee-300g\/\",\"url\":\"https:\/\/azorghee.eu\/produto\/manteiga-ghee-300g\/\",\"name\":\"Manteiga Ghee Clarificada 300g - AzorGhee\",\"isPartOf\":{\"@id\":\"https:\/\/azorghee.eu\/#website\"},\"primaryImageOfPage\":{\"@id\":\"https:\/\/azorghee.eu\/produto\/manteiga-ghee-300g\/#primaryimage\"},\"image\":{\"@id\":\"https:\/\/azorghee.eu\/produto\/manteiga-ghee-300g\/#primaryimage\"},\"thumbnailUrl\":\"https:\/\/azorghee.eu\/wp-content\/uploads\/2021\/08\/PhotoRoom-20240130_235845.png\",\"datePublished\":\"2021-08-27T16:21:13+00:00\",\"dateModified\":\"2026-04-10T00:24:12+00:00\",\"description\":\"J\u00e1 experimentou a manteiga ghee clarificada 300g da AzorGhee? A manteiga AzorGhee \u00e9 100% saud\u00e1vel e pura, feita nos A\u00e7ores para si!\",\"breadcrumb\":{\"@id\":\"https:\/\/azorghee.eu\/produto\/manteiga-ghee-300g\/#breadcrumb\"},\"inLanguage\":\"en-GB\",\"potentialAction\":[{\"@type\":\"ReadAction\",\"target\":[\"https:\/\/azorghee.eu\/produto\/manteiga-ghee-300g\/\"]}]},{\"@type\":\"ImageObject\",\"inLanguage\":\"en-GB\",\"@id\":\"https:\/\/azorghee.eu\/produto\/manteiga-ghee-300g\/#primaryimage\",\"url\":\"https:\/\/azorghee.eu\/wp-content\/uploads\/2021\/08\/PhotoRoom-20240130_235845.png\",\"contentUrl\":\"https:\/\/azorghee.eu\/wp-content\/uploads\/2021\/08\/PhotoRoom-20240130_235845.png\",\"width\":1512,\"height\":1512},{\"@type\":\"BreadcrumbList\",\"@id\":\"https:\/\/azorghee.eu\/produto\/manteiga-ghee-300g\/#breadcrumb\",\"itemListElement\":[{\"@type\":\"ListItem\",\"position\":1,\"name\":\"In\u00edcio\",\"item\":\"https:\/\/azorghee.eu\/\"},{\"@type\":\"ListItem\",\"position\":2,\"name\":\"Loja\",\"item\":\"https:\/\/azorghee.eu\/comprar-manteiga-ghee-clarificada\/\"},{\"@type\":\"ListItem\",\"position\":3,\"name\":\"Manteiga AzorGhee 300g\"}]},{\"@type\":\"WebSite\",\"@id\":\"https:\/\/azorghee.eu\/#website\",\"url\":\"https:\/\/azorghee.eu\/\",\"name\":\"AzorGhee\",\"description\":\"Manteiga Clarificada\",\"publisher\":{\"@id\":\"https:\/\/azorghee.eu\/#organization\"},\"potentialAction\":[{\"@type\":\"SearchAction\",\"target\":{\"@type\":\"EntryPoint\",\"urlTemplate\":\"https:\/\/azorghee.eu\/?s={search_term_string}\"},\"query-input\":{\"@type\":\"PropertyValueSpecification\",\"valueRequired\":true,\"valueName\":\"search_term_string\"}}],\"inLanguage\":\"en-GB\"},{\"@type\":\"Organization\",\"@id\":\"https:\/\/azorghee.eu\/#organization\",\"name\":\"AzorGhee\",\"url\":\"https:\/\/azorghee.eu\/\",\"logo\":{\"@type\":\"ImageObject\",\"inLanguage\":\"en-GB\",\"@id\":\"https:\/\/azorghee.eu\/#\/schema\/logo\/image\/\",\"url\":\"https:\/\/azorghee.eu\/wp-content\/uploads\/2021\/07\/Logo-Color.png\",\"contentUrl\":\"https:\/\/azorghee.eu\/wp-content\/uploads\/2021\/07\/Logo-Color.png\",\"width\":2048,\"height\":1030,\"caption\":\"AzorGhee\"},\"image\":{\"@id\":\"https:\/\/azorghee.eu\/#\/schema\/logo\/image\/\"}}]}<\/script>\n<!-- \/ Yoast SEO plugin. -->","yoast_head_json":{"title":"Manteiga Ghee Clarificada 300g - AzorGhee","description":"J\u00e1 experimentou a manteiga ghee clarificada 300g da AzorGhee? A manteiga AzorGhee \u00e9 100% saud\u00e1vel e pura, feita nos A\u00e7ores para si!","robots":{"index":"index","follow":"follow","max-snippet":"max-snippet:-1","max-image-preview":"max-image-preview:large","max-video-preview":"max-video-preview:-1"},"canonical":"https:\/\/azorghee.eu\/en\/product\/manteiga-ghee-300g\/","og_locale":"en_GB","og_type":"article","og_title":"Manteiga Ghee Clarificada 300g - AzorGhee","og_description":"J\u00e1 experimentou a manteiga ghee clarificada 300g da AzorGhee? A manteiga AzorGhee \u00e9 100% saud\u00e1vel e pura, feita nos A\u00e7ores para si!","og_url":"https:\/\/azorghee.eu\/en\/product\/manteiga-ghee-300g\/","og_site_name":"AzorGhee","article_modified_time":"2026-04-10T00:24:12+00:00","og_image":[{"width":1512,"height":1512,"url":"https:\/\/azorghee.eu\/wp-content\/uploads\/2021\/08\/PhotoRoom-20240130_235845.png","type":"image\/png"}],"twitter_card":"summary_large_image","twitter_misc":{"Estimated reading time":"1 minute"},"schema":{"@context":"https:\/\/schema.org","@graph":[{"@type":"WebPage","@id":"https:\/\/azorghee.eu\/produto\/manteiga-ghee-300g\/","url":"https:\/\/azorghee.eu\/produto\/manteiga-ghee-300g\/","name":"Manteiga Ghee Clarificada 300g - AzorGhee","isPartOf":{"@id":"https:\/\/azorghee.eu\/#website"},"primaryImageOfPage":{"@id":"https:\/\/azorghee.eu\/produto\/manteiga-ghee-300g\/#primaryimage"},"image":{"@id":"https:\/\/azorghee.eu\/produto\/manteiga-ghee-300g\/#primaryimage"},"thumbnailUrl":"https:\/\/azorghee.eu\/wp-content\/uploads\/2021\/08\/PhotoRoom-20240130_235845.png","datePublished":"2021-08-27T16:21:13+00:00","dateModified":"2026-04-10T00:24:12+00:00","description":"J\u00e1 experimentou a manteiga ghee clarificada 300g da AzorGhee? A manteiga AzorGhee \u00e9 100% saud\u00e1vel e pura, feita nos A\u00e7ores para si!","breadcrumb":{"@id":"https:\/\/azorghee.eu\/produto\/manteiga-ghee-300g\/#breadcrumb"},"inLanguage":"en-GB","potentialAction":[{"@type":"ReadAction","target":["https:\/\/azorghee.eu\/produto\/manteiga-ghee-300g\/"]}]},{"@type":"ImageObject","inLanguage":"en-GB","@id":"https:\/\/azorghee.eu\/produto\/manteiga-ghee-300g\/#primaryimage","url":"https:\/\/azorghee.eu\/wp-content\/uploads\/2021\/08\/PhotoRoom-20240130_235845.png","contentUrl":"https:\/\/azorghee.eu\/wp-content\/uploads\/2021\/08\/PhotoRoom-20240130_235845.png","width":1512,"height":1512},{"@type":"BreadcrumbList","@id":"https:\/\/azorghee.eu\/produto\/manteiga-ghee-300g\/#breadcrumb","itemListElement":[{"@type":"ListItem","position":1,"name":"In\u00edcio","item":"https:\/\/azorghee.eu\/"},{"@type":"ListItem","position":2,"name":"Loja","item":"https:\/\/azorghee.eu\/comprar-manteiga-ghee-clarificada\/"},{"@type":"ListItem","position":3,"name":"Manteiga AzorGhee 300g"}]},{"@type":"WebSite","@id":"https:\/\/azorghee.eu\/#website","url":"https:\/\/azorghee.eu\/","name":"AzorGhee","description":"Manteiga Clarificada","publisher":{"@id":"https:\/\/azorghee.eu\/#organization"},"potentialAction":[{"@type":"SearchAction","target":{"@type":"EntryPoint","urlTemplate":"https:\/\/azorghee.eu\/?s={search_term_string}"},"query-input":{"@type":"PropertyValueSpecification","valueRequired":true,"valueName":"search_term_string"}}],"inLanguage":"en-GB"},{"@type":"Organization","@id":"https:\/\/azorghee.eu\/#organization","name":"AzorGhee","url":"https:\/\/azorghee.eu\/","logo":{"@type":"ImageObject","inLanguage":"en-GB","@id":"https:\/\/azorghee.eu\/#\/schema\/logo\/image\/","url":"https:\/\/azorghee.eu\/wp-content\/uploads\/2021\/07\/Logo-Color.png","contentUrl":"https:\/\/azorghee.eu\/wp-content\/uploads\/2021\/07\/Logo-Color.png","width":2048,"height":1030,"caption":"AzorGhee"},"image":{"@id":"https:\/\/azorghee.eu\/#\/schema\/logo\/image\/"}}]}},"_links":{"self":[{"href":"https:\/\/azorghee.eu\/en\/wp-json\/wp\/v2\/product\/12299","targetHints":{"allow":["GET"]}}],"collection":[{"href":"https:\/\/azorghee.eu\/en\/wp-json\/wp\/v2\/product"}],"about":[{"href":"https:\/\/azorghee.eu\/en\/wp-json\/wp\/v2\/types\/product"}],"replies":[{"embeddable":true,"href":"https:\/\/azorghee.eu\/en\/wp-json\/wp\/v2\/comments?post=12299"}],"version-history":[{"count":46,"href":"https:\/\/azorghee.eu\/en\/wp-json\/wp\/v2\/product\/12299\/revisions"}],"predecessor-version":[{"id":15641,"href":"https:\/\/azorghee.eu\/en\/wp-json\/wp\/v2\/product\/12299\/revisions\/15641"}],"wp:featuredmedia":[{"embeddable":true,"href":"https:\/\/azorghee.eu\/en\/wp-json\/wp\/v2\/media\/15640"}],"wp:attachment":[{"href":"https:\/\/azorghee.eu\/en\/wp-json\/wp\/v2\/media?parent=12299"}],"wp:term":[{"taxonomy":"product_brand","embeddable":true,"href":"https:\/\/azorghee.eu\/en\/wp-json\/wp\/v2\/product_brand?post=12299"},{"taxonomy":"product_cat","embeddable":true,"href":"https:\/\/azorghee.eu\/en\/wp-json\/wp\/v2\/product_cat?post=12299"},{"taxonomy":"product_tag","embeddable":true,"href":"https:\/\/azorghee.eu\/en\/wp-json\/wp\/v2\/product_tag?post=12299"}],"curies":[{"name":"wp","href":"https:\/\/api.w.org\/{rel}","templated":true}]}}