{"id":14978,"date":"2023-03-23T16:24:33","date_gmt":"2023-03-23T16:24:33","guid":{"rendered":"https:\/\/azorghee.eu\/?post_type=product&#038;p=14978"},"modified":"2025-01-21T15:12:25","modified_gmt":"2025-01-21T15:12:25","slug":"alho-preto","status":"publish","type":"product","link":"https:\/\/azorghee.eu\/en\/product\/alho-preto\/","title":{"rendered":"Black garlic"},"content":{"rendered":"","protected":false},"excerpt":{"rendered":"<div><span dir=\"auto\">Black garlic is obtained when the garlic (in our case 1st quality garlic) is aged under special conditions of temperature and humidity. The garlic heads are kept in a special greenhouse with controlled temperature (60 to 80\u00ba) and humidity (80 to 90%) for a long period of time.\u00a0<\/span><\/div>\n<div dir=\"auto\"><\/div>\n<div dir=\"auto\">There are no additives, preservatives or burning of any kind. The enzymes that give fresh garlic its sharpness are broken down and new aromatic compounds are obtained, responsible for the deep flavor of grilled meat and fried onions. The cloves turn black and develop a sticky, date-like texture.<\/div>\n<div dir=\"auto\"><\/div>\n<div dir=\"auto\">\u00a0Bacterial endophytes capable of fermentation and with a strong ability to resist heat have been identified in common garlic and black garlic.<\/div>\n<div dir=\"auto\"><\/div>\n<div dir=\"auto\">\u00a0<span dir=\"auto\">In Black Garlic, the garlic flavor is softened to such an extent that it almost or completely disappears. Its flavor also depends on the fresh garlic used. In our case, we use first quality leftover garlic, which gives our Black Garlic an intense and pleasant flavor that is much appreciated, especially in cooking.<\/span><\/div>\n<div dir=\"auto\"><\/div>\n<div dir=\"auto\"><\/div>\n<p>&#8230;&#8230;&#8230;&#8230;&#8230;&#8230;&#8230;&#8230;&#8230;&#8230;&#8230;&#8230;&#8230;&#8230;&#8230;&#8230;&#8230;&#8230;&#8230;&#8230;&#8230;&#8230;&#8230;&#8230;&#8230;&#8230;&#8230;&#8230;&#8230;&#8230;&#8230;&#8230;&#8230;&#8230;&#8230;&#8230;&#8230;&#8230;&#8230;&#8230;&#8230;&#8230;&#8230;&#8230;&#8230;&#8230;&#8230;&#8230;<\/p>\n<div dir=\"auto\" class=\"translation-block\"><strong>Note:\u00a0 <\/strong><span style=\"font-size: small\">When purchasing 12 or more heads, we offer 1 Head of Black Garlic.<\/span><\/div>\n<div dir=\"auto\"><span style=\"font-size: small;\">Na compra de 20 ou mais cabe\u00e7as de oferecemos 2 Cabe\u00e7a de Alho Preto\/Negro.<\/span><\/div>\n<div dir=\"auto\"><span style=\"font-size: small;\">Em compras superiores ofereceremos sempre 1 por 10 cabe\u00e7as de Alho Preto \/ Negro adquiridas.<\/span><\/div>","protected":false},"featured_media":14980,"comment_status":"open","ping_status":"closed","template":"","meta":[],"product_brand":[],"product_cat":[15],"product_tag":[],"class_list":{"0":"post-14978","1":"product","2":"type-product","3":"status-publish","4":"has-post-thumbnail","6":"product_cat-manteiga","8":"first","9":"outofstock","10":"sale","11":"sold-individually","12":"shipping-taxable","13":"purchasable","14":"product-type-variable"},"yoast_head":"<!-- This site is optimized with the Yoast SEO plugin v24.7 - https:\/\/yoast.com\/wordpress\/plugins\/seo\/ -->\n<title>Alho Preto - AzorGhee<\/title>\n<meta name=\"description\" content=\"O Alho Preto\/Negro obt\u00e9m-se quando o alho ( no nosso caso alho de 1\u00aa qualidade) \u00e9 envelhecido em condi\u00e7\u00f5es especiais de temperatura e humidade.\" \/>\n<meta name=\"robots\" content=\"index, follow, max-snippet:-1, max-image-preview:large, max-video-preview:-1\" \/>\n<link rel=\"canonical\" href=\"https:\/\/azorghee.eu\/en\/product\/alho-preto\/\" \/>\n<meta property=\"og:locale\" content=\"en_GB\" \/>\n<meta property=\"og:type\" content=\"article\" \/>\n<meta property=\"og:title\" content=\"Alho Preto - AzorGhee\" \/>\n<meta property=\"og:description\" content=\"O Alho Preto\/Negro obt\u00e9m-se quando o alho ( no nosso caso alho de 1\u00aa qualidade) \u00e9 envelhecido em condi\u00e7\u00f5es especiais de temperatura e humidade.\" \/>\n<meta property=\"og:url\" content=\"https:\/\/azorghee.eu\/en\/product\/alho-preto\/\" \/>\n<meta property=\"og:site_name\" content=\"AzorGhee\" \/>\n<meta property=\"article:modified_time\" content=\"2025-01-21T15:12:25+00:00\" \/>\n<meta property=\"og:image\" content=\"https:\/\/azorghee.eu\/wp-content\/uploads\/2023\/03\/processed-71c2bc77-e2c7-4c15-9454-46a35de02062_zOUtvwGc.jpeg\" \/>\n\t<meta property=\"og:image:width\" content=\"971\" \/>\n\t<meta property=\"og:image:height\" content=\"1242\" \/>\n\t<meta property=\"og:image:type\" content=\"image\/jpeg\" \/>\n<meta name=\"twitter:card\" content=\"summary_large_image\" \/>\n<script type=\"application\/ld+json\" class=\"yoast-schema-graph\">{\"@context\":\"https:\/\/schema.org\",\"@graph\":[{\"@type\":\"WebPage\",\"@id\":\"https:\/\/azorghee.eu\/produto\/alho-preto\/\",\"url\":\"https:\/\/azorghee.eu\/produto\/alho-preto\/\",\"name\":\"Alho Preto - AzorGhee\",\"isPartOf\":{\"@id\":\"https:\/\/azorghee.eu\/#website\"},\"primaryImageOfPage\":{\"@id\":\"https:\/\/azorghee.eu\/produto\/alho-preto\/#primaryimage\"},\"image\":{\"@id\":\"https:\/\/azorghee.eu\/produto\/alho-preto\/#primaryimage\"},\"thumbnailUrl\":\"https:\/\/azorghee.eu\/wp-content\/uploads\/2023\/03\/processed-71c2bc77-e2c7-4c15-9454-46a35de02062_zOUtvwGc.jpeg\",\"datePublished\":\"2023-03-23T16:24:33+00:00\",\"dateModified\":\"2025-01-21T15:12:25+00:00\",\"description\":\"O Alho Preto\/Negro obt\u00e9m-se quando o alho ( no nosso caso alho de 1\u00aa qualidade) \u00e9 envelhecido em condi\u00e7\u00f5es especiais de temperatura e humidade.\",\"breadcrumb\":{\"@id\":\"https:\/\/azorghee.eu\/produto\/alho-preto\/#breadcrumb\"},\"inLanguage\":\"en-GB\",\"potentialAction\":[{\"@type\":\"ReadAction\",\"target\":[\"https:\/\/azorghee.eu\/produto\/alho-preto\/\"]}]},{\"@type\":\"ImageObject\",\"inLanguage\":\"en-GB\",\"@id\":\"https:\/\/azorghee.eu\/produto\/alho-preto\/#primaryimage\",\"url\":\"https:\/\/azorghee.eu\/wp-content\/uploads\/2023\/03\/processed-71c2bc77-e2c7-4c15-9454-46a35de02062_zOUtvwGc.jpeg\",\"contentUrl\":\"https:\/\/azorghee.eu\/wp-content\/uploads\/2023\/03\/processed-71c2bc77-e2c7-4c15-9454-46a35de02062_zOUtvwGc.jpeg\",\"width\":971,\"height\":1242,\"caption\":\"alho preto\"},{\"@type\":\"BreadcrumbList\",\"@id\":\"https:\/\/azorghee.eu\/produto\/alho-preto\/#breadcrumb\",\"itemListElement\":[{\"@type\":\"ListItem\",\"position\":1,\"name\":\"In\u00edcio\",\"item\":\"https:\/\/azorghee.eu\/\"},{\"@type\":\"ListItem\",\"position\":2,\"name\":\"Loja\",\"item\":\"https:\/\/azorghee.eu\/comprar-manteiga-ghee-clarificada\/\"},{\"@type\":\"ListItem\",\"position\":3,\"name\":\"Alho preto\"}]},{\"@type\":\"WebSite\",\"@id\":\"https:\/\/azorghee.eu\/#website\",\"url\":\"https:\/\/azorghee.eu\/\",\"name\":\"AzorGhee\",\"description\":\"Manteiga Clarificada\",\"publisher\":{\"@id\":\"https:\/\/azorghee.eu\/#organization\"},\"potentialAction\":[{\"@type\":\"SearchAction\",\"target\":{\"@type\":\"EntryPoint\",\"urlTemplate\":\"https:\/\/azorghee.eu\/?s={search_term_string}\"},\"query-input\":{\"@type\":\"PropertyValueSpecification\",\"valueRequired\":true,\"valueName\":\"search_term_string\"}}],\"inLanguage\":\"en-GB\"},{\"@type\":\"Organization\",\"@id\":\"https:\/\/azorghee.eu\/#organization\",\"name\":\"AzorGhee\",\"url\":\"https:\/\/azorghee.eu\/\",\"logo\":{\"@type\":\"ImageObject\",\"inLanguage\":\"en-GB\",\"@id\":\"https:\/\/azorghee.eu\/#\/schema\/logo\/image\/\",\"url\":\"https:\/\/azorghee.eu\/wp-content\/uploads\/2021\/07\/Logo-Color.png\",\"contentUrl\":\"https:\/\/azorghee.eu\/wp-content\/uploads\/2021\/07\/Logo-Color.png\",\"width\":2048,\"height\":1030,\"caption\":\"AzorGhee\"},\"image\":{\"@id\":\"https:\/\/azorghee.eu\/#\/schema\/logo\/image\/\"}}]}<\/script>\n<!-- \/ Yoast SEO plugin. -->","yoast_head_json":{"title":"Alho Preto - AzorGhee","description":"O Alho Preto\/Negro obt\u00e9m-se quando o alho ( no nosso caso alho de 1\u00aa qualidade) \u00e9 envelhecido em condi\u00e7\u00f5es especiais de temperatura e humidade.","robots":{"index":"index","follow":"follow","max-snippet":"max-snippet:-1","max-image-preview":"max-image-preview:large","max-video-preview":"max-video-preview:-1"},"canonical":"https:\/\/azorghee.eu\/en\/product\/alho-preto\/","og_locale":"en_GB","og_type":"article","og_title":"Alho Preto - AzorGhee","og_description":"O Alho Preto\/Negro obt\u00e9m-se quando o alho ( no nosso caso alho de 1\u00aa qualidade) \u00e9 envelhecido em condi\u00e7\u00f5es especiais de temperatura e humidade.","og_url":"https:\/\/azorghee.eu\/en\/product\/alho-preto\/","og_site_name":"AzorGhee","article_modified_time":"2025-01-21T15:12:25+00:00","og_image":[{"width":971,"height":1242,"url":"https:\/\/azorghee.eu\/wp-content\/uploads\/2023\/03\/processed-71c2bc77-e2c7-4c15-9454-46a35de02062_zOUtvwGc.jpeg","type":"image\/jpeg"}],"twitter_card":"summary_large_image","schema":{"@context":"https:\/\/schema.org","@graph":[{"@type":"WebPage","@id":"https:\/\/azorghee.eu\/produto\/alho-preto\/","url":"https:\/\/azorghee.eu\/produto\/alho-preto\/","name":"Alho Preto - AzorGhee","isPartOf":{"@id":"https:\/\/azorghee.eu\/#website"},"primaryImageOfPage":{"@id":"https:\/\/azorghee.eu\/produto\/alho-preto\/#primaryimage"},"image":{"@id":"https:\/\/azorghee.eu\/produto\/alho-preto\/#primaryimage"},"thumbnailUrl":"https:\/\/azorghee.eu\/wp-content\/uploads\/2023\/03\/processed-71c2bc77-e2c7-4c15-9454-46a35de02062_zOUtvwGc.jpeg","datePublished":"2023-03-23T16:24:33+00:00","dateModified":"2025-01-21T15:12:25+00:00","description":"O Alho Preto\/Negro obt\u00e9m-se quando o alho ( no nosso caso alho de 1\u00aa qualidade) \u00e9 envelhecido em condi\u00e7\u00f5es especiais de temperatura e humidade.","breadcrumb":{"@id":"https:\/\/azorghee.eu\/produto\/alho-preto\/#breadcrumb"},"inLanguage":"en-GB","potentialAction":[{"@type":"ReadAction","target":["https:\/\/azorghee.eu\/produto\/alho-preto\/"]}]},{"@type":"ImageObject","inLanguage":"en-GB","@id":"https:\/\/azorghee.eu\/produto\/alho-preto\/#primaryimage","url":"https:\/\/azorghee.eu\/wp-content\/uploads\/2023\/03\/processed-71c2bc77-e2c7-4c15-9454-46a35de02062_zOUtvwGc.jpeg","contentUrl":"https:\/\/azorghee.eu\/wp-content\/uploads\/2023\/03\/processed-71c2bc77-e2c7-4c15-9454-46a35de02062_zOUtvwGc.jpeg","width":971,"height":1242,"caption":"alho preto"},{"@type":"BreadcrumbList","@id":"https:\/\/azorghee.eu\/produto\/alho-preto\/#breadcrumb","itemListElement":[{"@type":"ListItem","position":1,"name":"In\u00edcio","item":"https:\/\/azorghee.eu\/"},{"@type":"ListItem","position":2,"name":"Loja","item":"https:\/\/azorghee.eu\/comprar-manteiga-ghee-clarificada\/"},{"@type":"ListItem","position":3,"name":"Alho preto"}]},{"@type":"WebSite","@id":"https:\/\/azorghee.eu\/#website","url":"https:\/\/azorghee.eu\/","name":"AzorGhee","description":"Manteiga Clarificada","publisher":{"@id":"https:\/\/azorghee.eu\/#organization"},"potentialAction":[{"@type":"SearchAction","target":{"@type":"EntryPoint","urlTemplate":"https:\/\/azorghee.eu\/?s={search_term_string}"},"query-input":{"@type":"PropertyValueSpecification","valueRequired":true,"valueName":"search_term_string"}}],"inLanguage":"en-GB"},{"@type":"Organization","@id":"https:\/\/azorghee.eu\/#organization","name":"AzorGhee","url":"https:\/\/azorghee.eu\/","logo":{"@type":"ImageObject","inLanguage":"en-GB","@id":"https:\/\/azorghee.eu\/#\/schema\/logo\/image\/","url":"https:\/\/azorghee.eu\/wp-content\/uploads\/2021\/07\/Logo-Color.png","contentUrl":"https:\/\/azorghee.eu\/wp-content\/uploads\/2021\/07\/Logo-Color.png","width":2048,"height":1030,"caption":"AzorGhee"},"image":{"@id":"https:\/\/azorghee.eu\/#\/schema\/logo\/image\/"}}]}},"_links":{"self":[{"href":"https:\/\/azorghee.eu\/en\/wp-json\/wp\/v2\/product\/14978","targetHints":{"allow":["GET"]}}],"collection":[{"href":"https:\/\/azorghee.eu\/en\/wp-json\/wp\/v2\/product"}],"about":[{"href":"https:\/\/azorghee.eu\/en\/wp-json\/wp\/v2\/types\/product"}],"replies":[{"embeddable":true,"href":"https:\/\/azorghee.eu\/en\/wp-json\/wp\/v2\/comments?post=14978"}],"version-history":[{"count":8,"href":"https:\/\/azorghee.eu\/en\/wp-json\/wp\/v2\/product\/14978\/revisions"}],"predecessor-version":[{"id":15000,"href":"https:\/\/azorghee.eu\/en\/wp-json\/wp\/v2\/product\/14978\/revisions\/15000"}],"wp:featuredmedia":[{"embeddable":true,"href":"https:\/\/azorghee.eu\/en\/wp-json\/wp\/v2\/media\/14980"}],"wp:attachment":[{"href":"https:\/\/azorghee.eu\/en\/wp-json\/wp\/v2\/media?parent=14978"}],"wp:term":[{"taxonomy":"product_brand","embeddable":true,"href":"https:\/\/azorghee.eu\/en\/wp-json\/wp\/v2\/product_brand?post=14978"},{"taxonomy":"product_cat","embeddable":true,"href":"https:\/\/azorghee.eu\/en\/wp-json\/wp\/v2\/product_cat?post=14978"},{"taxonomy":"product_tag","embeddable":true,"href":"https:\/\/azorghee.eu\/en\/wp-json\/wp\/v2\/product_tag?post=14978"}],"curies":[{"name":"wp","href":"https:\/\/api.w.org\/{rel}","templated":true}]}}